{"id":8688,"date":"2020-12-21T19:26:50","date_gmt":"2020-12-21T19:26:50","guid":{"rendered":"https:\/\/blancadelatorre.com\/?page_id=8688"},"modified":"2024-01-16T18:17:51","modified_gmt":"2024-01-16T18:17:51","slug":"politicas-de-envio-y-devolucion","status":"publish","type":"page","link":"https:\/\/blancadelatorre.com\/english\/politicas-de-envio-y-devolucion\/","title":{"rendered":"Shipping and return policies"},"content":{"rendered":"<h2><\/h2>\n<h2 class=\"m-auto\">SHIPMENT:<\/h2>\n<p>&nbsp;<\/p>\n<p><span style=\"font-weight: 400;\">\u2013 Shipping time depends on your location, but in Spain it will approximately be between 4 and 21 business days, depending on the product.<\/span><\/p>\n<p>\u2013 It may happen that different products arrive in different packages and times.<\/p>\n<p><span style=\"font-weight: 400;\">\u2013 If your shipping method includes tracking, you will receive a link by email when your order is shipped. If you have <\/span><span style=\"font-weight: 400;\">If you have any questions about your shipment, please contact at <\/span><a href=\"mailto:holablancadelatorre@gmail.com\"><span style=\"font-weight: 400;\">holablancadelatorre@gmail.com<\/span><\/a><\/p>\n<p>&nbsp;<\/p>\n<p>&nbsp;<\/p>\n<h2 class=\"m-auto\">RETURN:<\/h2>\n<p>&nbsp;<\/p>\n<p><span style=\"font-weight: 400;\">\u2013 You have 14 days to return the product.<\/span><\/p>\n<p><span style=\"font-weight: 400;\">\u2013 Shipping costs derived from returning the product are the responsibility of the buyer.<\/span><\/p>\n<p><span style=\"font-weight: 400;\">\u2013 For the return to be accepted, it is necessary to present proof of purchase and the product must be in perfect condition. Once you have this, write to holablancadelatorre@gmail.com explaining the situation and we will solve everything as soon as possible.<\/span><\/p>\n<p><span style=\"font-weight: 400;\">\u2013 If the product arrives to you in error or damaged, send (within a week from the time of delivery) your order number, proof of purchase and photos showing the problem and the item to the email: <\/span><a href=\"mailto:holablancadelatorre@gmail.com\"><span style=\"font-weight: 400;\">holablancadelatorre@gmail.com<\/span><\/a><\/p>\n<p><span style=\"font-weight: 400;\">\u2013\u00a0 If your order has not arrived, check your confirmation email to make sure there are no errors in the shipping address and ask about your order at your local post office. If there is still no trace of your package, contact me through the following email: <\/span><a href=\"mailto:holablancadelatorre@gmail.com\"><span style=\"font-weight: 400;\">holablancadelatorre@gmail.com<\/span><\/a><\/p>\n<p><span style=\"font-weight: 400;\">\u2013 If according to the shipping company the package has been delivered or has not been picked up on time, if you have entered the address\/data incorrectly or if you have made a mistake when ordering the product, get in touch and I will try to do everything I can for helping you, but I can't take responsibility.<\/span><\/p>\n<p>&nbsp;<\/p>\n<p>&nbsp;<\/p>\n<p>&nbsp;<\/p>","protected":false},"excerpt":{"rendered":"<p>ENV\u00cdO: &nbsp; &#8211; El tiempo de env\u00edo depende de tu ubicaci\u00f3n, pero en Espa\u00f1a aproximadamente ser\u00e1n entre 4 y 21 d\u00edas h\u00e1biles, seg\u00fan el producto. &#8211; Puede suceder que productos diferentes lleguen en paquetes y tiempos diferentes. &#8211; Si tu m\u00e9todo de env\u00edo incluye seguimiento, recibir\u00e1s un link por email cuando tu pedido sea enviado. [&hellip;]<\/p>\n","protected":false},"author":1,"featured_media":0,"parent":0,"menu_order":0,"comment_status":"closed","ping_status":"closed","template":"","meta":{"_et_pb_use_builder":"","_et_pb_old_content":"","_et_gb_content_width":"","footnotes":""},"class_list":["post-8688","page","type-page","status-publish","hentry"],"yoast_head":"<!-- This site is optimized with the Yoast SEO plugin v27.2 - https:\/\/yoast.com\/product\/yoast-seo-wordpress\/ -->\n<title>Pol\u00edticas de env\u00edo y devoluci\u00f3n - Blanca de la Torre<\/title>\n<meta name=\"robots\" content=\"index, follow, max-snippet:-1, max-image-preview:large, max-video-preview:-1\" \/>\n<link rel=\"canonical\" href=\"https:\/\/blancadelatorre.com\/english\/politicas-de-envio-y-devolucion\/\" \/>\n<meta property=\"og:locale\" content=\"en_GB\" \/>\n<meta property=\"og:type\" content=\"article\" \/>\n<meta property=\"og:title\" content=\"Pol\u00edticas de env\u00edo y devoluci\u00f3n - Blanca de la Torre\" \/>\n<meta property=\"og:description\" content=\"ENV\u00cdO: &nbsp; &#8211; El tiempo de env\u00edo depende de tu ubicaci\u00f3n, pero en Espa\u00f1a aproximadamente ser\u00e1n entre 4 y 21 d\u00edas h\u00e1biles, seg\u00fan el producto. &#8211; Puede suceder que productos diferentes lleguen en paquetes y tiempos diferentes. &#8211; Si tu m\u00e9todo de env\u00edo incluye seguimiento, recibir\u00e1s un link por email cuando tu pedido sea enviado. [&hellip;]\" \/>\n<meta property=\"og:url\" content=\"https:\/\/blancadelatorre.com\/english\/politicas-de-envio-y-devolucion\/\" \/>\n<meta property=\"og:site_name\" content=\"Blanca de la Torre\" \/>\n<meta property=\"article:modified_time\" content=\"2024-01-16T18:17:51+00:00\" \/>\n<meta property=\"og:image\" content=\"https:\/\/blancadelatorre.com\/wp-content\/uploads\/2017\/05\/Animal-Guide-II-Final-Version-P.jpg\" \/>\n\t<meta property=\"og:image:width\" content=\"1200\" \/>\n\t<meta property=\"og:image:height\" content=\"899\" \/>\n\t<meta property=\"og:image:type\" content=\"image\/jpeg\" \/>\n<meta name=\"twitter:card\" content=\"summary_large_image\" \/>\n<meta name=\"twitter:site\" content=\"@delaTorreArt\" \/>\n<meta name=\"twitter:label1\" content=\"Estimated reading time\" \/>\n\t<meta name=\"twitter:data1\" content=\"2 minutes\" \/>\n<script type=\"application\/ld+json\" class=\"yoast-schema-graph\">{\"@context\":\"https:\/\/schema.org\",\"@graph\":[{\"@type\":\"WebPage\",\"@id\":\"https:\/\/blancadelatorre.com\/politicas-de-envio-y-devolucion\/\",\"url\":\"https:\/\/blancadelatorre.com\/politicas-de-envio-y-devolucion\/\",\"name\":\"Pol\u00edticas de env\u00edo y devoluci\u00f3n - Blanca de la Torre\",\"isPartOf\":{\"@id\":\"https:\/\/blancadelatorre.com\/#website\"},\"datePublished\":\"2020-12-21T19:26:50+00:00\",\"dateModified\":\"2024-01-16T18:17:51+00:00\",\"breadcrumb\":{\"@id\":\"https:\/\/blancadelatorre.com\/politicas-de-envio-y-devolucion\/#breadcrumb\"},\"inLanguage\":\"en-GB\",\"potentialAction\":[{\"@type\":\"ReadAction\",\"target\":[\"https:\/\/blancadelatorre.com\/politicas-de-envio-y-devolucion\/\"]}]},{\"@type\":\"BreadcrumbList\",\"@id\":\"https:\/\/blancadelatorre.com\/politicas-de-envio-y-devolucion\/#breadcrumb\",\"itemListElement\":[{\"@type\":\"ListItem\",\"position\":1,\"name\":\"Portada\",\"item\":\"https:\/\/blancadelatorre.com\/\"},{\"@type\":\"ListItem\",\"position\":2,\"name\":\"Pol\u00edticas de env\u00edo y devoluci\u00f3n\"}]},{\"@type\":\"WebSite\",\"@id\":\"https:\/\/blancadelatorre.com\/#website\",\"url\":\"https:\/\/blancadelatorre.com\/\",\"name\":\"Blanca de la Torre\",\"description\":\"Artista visual: Pintura, ilustraci\u00f3n &amp; street art.\",\"publisher\":{\"@id\":\"https:\/\/blancadelatorre.com\/#\/schema\/person\/0566882b85a416c14a46137dc4c21573\"},\"potentialAction\":[{\"@type\":\"SearchAction\",\"target\":{\"@type\":\"EntryPoint\",\"urlTemplate\":\"https:\/\/blancadelatorre.com\/?s={search_term_string}\"},\"query-input\":{\"@type\":\"PropertyValueSpecification\",\"valueRequired\":true,\"valueName\":\"search_term_string\"}}],\"inLanguage\":\"en-GB\"},{\"@type\":[\"Person\",\"Organization\"],\"@id\":\"https:\/\/blancadelatorre.com\/#\/schema\/person\/0566882b85a416c14a46137dc4c21573\",\"name\":\"Blanca de la Torre\",\"logo\":{\"@id\":\"https:\/\/blancadelatorre.com\/#\/schema\/person\/image\/\"}}]}<\/script>\n<!-- \/ Yoast SEO plugin. -->","yoast_head_json":{"title":"Pol\u00edticas de env\u00edo y devoluci\u00f3n - Blanca de la Torre","robots":{"index":"index","follow":"follow","max-snippet":"max-snippet:-1","max-image-preview":"max-image-preview:large","max-video-preview":"max-video-preview:-1"},"canonical":"https:\/\/blancadelatorre.com\/english\/politicas-de-envio-y-devolucion\/","og_locale":"en_GB","og_type":"article","og_title":"Pol\u00edticas de env\u00edo y devoluci\u00f3n - Blanca de la Torre","og_description":"ENV\u00cdO: &nbsp; &#8211; El tiempo de env\u00edo depende de tu ubicaci\u00f3n, pero en Espa\u00f1a aproximadamente ser\u00e1n entre 4 y 21 d\u00edas h\u00e1biles, seg\u00fan el producto. &#8211; Puede suceder que productos diferentes lleguen en paquetes y tiempos diferentes. &#8211; Si tu m\u00e9todo de env\u00edo incluye seguimiento, recibir\u00e1s un link por email cuando tu pedido sea enviado. [&hellip;]","og_url":"https:\/\/blancadelatorre.com\/english\/politicas-de-envio-y-devolucion\/","og_site_name":"Blanca de la Torre","article_modified_time":"2024-01-16T18:17:51+00:00","og_image":[{"width":1200,"height":899,"url":"https:\/\/blancadelatorre.com\/wp-content\/uploads\/2017\/05\/Animal-Guide-II-Final-Version-P.jpg","type":"image\/jpeg"}],"twitter_card":"summary_large_image","twitter_site":"@delaTorreArt","twitter_misc":{"Estimated reading time":"2 minutes"},"schema":{"@context":"https:\/\/schema.org","@graph":[{"@type":"WebPage","@id":"https:\/\/blancadelatorre.com\/politicas-de-envio-y-devolucion\/","url":"https:\/\/blancadelatorre.com\/politicas-de-envio-y-devolucion\/","name":"Pol\u00edticas de env\u00edo y devoluci\u00f3n - Blanca de la Torre","isPartOf":{"@id":"https:\/\/blancadelatorre.com\/#website"},"datePublished":"2020-12-21T19:26:50+00:00","dateModified":"2024-01-16T18:17:51+00:00","breadcrumb":{"@id":"https:\/\/blancadelatorre.com\/politicas-de-envio-y-devolucion\/#breadcrumb"},"inLanguage":"en-GB","potentialAction":[{"@type":"ReadAction","target":["https:\/\/blancadelatorre.com\/politicas-de-envio-y-devolucion\/"]}]},{"@type":"BreadcrumbList","@id":"https:\/\/blancadelatorre.com\/politicas-de-envio-y-devolucion\/#breadcrumb","itemListElement":[{"@type":"ListItem","position":1,"name":"Portada","item":"https:\/\/blancadelatorre.com\/"},{"@type":"ListItem","position":2,"name":"Pol\u00edticas de env\u00edo y devoluci\u00f3n"}]},{"@type":"WebSite","@id":"https:\/\/blancadelatorre.com\/#website","url":"https:\/\/blancadelatorre.com\/","name":"Blanca de la Torre","description":"Artista visual: Pintura, ilustraci\u00f3n &amp; street art.","publisher":{"@id":"https:\/\/blancadelatorre.com\/#\/schema\/person\/0566882b85a416c14a46137dc4c21573"},"potentialAction":[{"@type":"SearchAction","target":{"@type":"EntryPoint","urlTemplate":"https:\/\/blancadelatorre.com\/?s={search_term_string}"},"query-input":{"@type":"PropertyValueSpecification","valueRequired":true,"valueName":"search_term_string"}}],"inLanguage":"en-GB"},{"@type":["Person","Organization"],"@id":"https:\/\/blancadelatorre.com\/#\/schema\/person\/0566882b85a416c14a46137dc4c21573","name":"Blanca de la Torre","logo":{"@id":"https:\/\/blancadelatorre.com\/#\/schema\/person\/image\/"}}]}},"_links":{"self":[{"href":"https:\/\/blancadelatorre.com\/english\/wp-json\/wp\/v2\/pages\/8688","targetHints":{"allow":["GET"]}}],"collection":[{"href":"https:\/\/blancadelatorre.com\/english\/wp-json\/wp\/v2\/pages"}],"about":[{"href":"https:\/\/blancadelatorre.com\/english\/wp-json\/wp\/v2\/types\/page"}],"author":[{"embeddable":true,"href":"https:\/\/blancadelatorre.com\/english\/wp-json\/wp\/v2\/users\/1"}],"replies":[{"embeddable":true,"href":"https:\/\/blancadelatorre.com\/english\/wp-json\/wp\/v2\/comments?post=8688"}],"version-history":[{"count":2,"href":"https:\/\/blancadelatorre.com\/english\/wp-json\/wp\/v2\/pages\/8688\/revisions"}],"predecessor-version":[{"id":10936,"href":"https:\/\/blancadelatorre.com\/english\/wp-json\/wp\/v2\/pages\/8688\/revisions\/10936"}],"wp:attachment":[{"href":"https:\/\/blancadelatorre.com\/english\/wp-json\/wp\/v2\/media?parent=8688"}],"curies":[{"name":"wp","href":"https:\/\/api.w.org\/{rel}","templated":true}]}}