{"id":10331,"date":"2021-05-10T14:00:30","date_gmt":"2021-05-10T14:00:30","guid":{"rendered":"https:\/\/blancadelatorre.com\/tienda\/new-mythologies-camiseta-2\/"},"modified":"2024-01-16T18:23:41","modified_gmt":"2024-01-16T18:23:41","slug":"new-mythologies-camiseta","status":"publish","type":"product","link":"https:\/\/blancadelatorre.com\/english\/tienda\/new-mythologies-camiseta\/","title":{"rendered":"New Mythologies &#8211; Camiseta"},"content":{"rendered":"<p>&nbsp;<\/p>\n<p><strong>Caracter\u00edsticas:<\/strong><\/p>\n<p>\u2013 Unisex.<\/p>\n<p>\u2013 Impresi\u00f3n de alta durabilidad y muy detallista.<\/p>\n<p>\u2013 La tela es 100% algod\u00f3n, de tacto suave y gran calidad.<\/p>\n<p>\u2013 Pespunte doble en el cuello y las mangas, que le a\u00f1ade mayor consistencia.<\/p>\n<p>\u2013 Tapacosturas reforzado en hombros y cuello.<\/p>\n<p>\u2013 Ya est\u00e1 preencogida, as\u00ed que puedes lavarla con normalidad desde el primer d\u00eda.<\/p>\n<p>&nbsp;<\/p>\n<p><strong>Sobre la obra:<\/strong><\/p>\n<p>T\u00edtulo: New Mythologies.<\/p>\n<p>Significado:<\/p>\n<p>A un lado de la imagen vemos varios s\u00edmbolos religiosos y espirituales: una cruz, el s\u00edmbolo del Ohm y un rosario budhista que se sit\u00faan junto a un mando de consola. Para m\u00ed el mando de consola representa las nuevas mitolog\u00edas que estamos generando en nuestra cultura contempor\u00e1nea.<\/p>\n<p>En una sociedad mayoritariamente \u201catea\u201d, donde \u201chemos matado a Dios\u201d, nuestra vinculaci\u00f3n con las proyecciones arquet\u00edpicas y mitol\u00f3gicas est\u00e1n siendo creadas a trav\u00e9s de la cultura pop, los videojuegos, las series, los libros\u2026 Uno de mis ejemplos favoritos, dentro de las nuevas cosmolog\u00edas que se est\u00e1n creando ante nuestros ojos, es el videojuego Dark Souls. Si se estudia el lore e historia que representa este videojuego, en mi opini\u00f3n, es muy parecido a los mitos de cualquier cultura antigua.<\/p>\n<p>Es este concepto, de que las nuevas proyecciones psicol\u00f3gicas culturales se est\u00e1n creando en torno a la cultura pop actual, lo que quer\u00eda transmitir con esta parte de la escena que se observa en la imagen, siendo esto lo que da nombre a la obra.<\/p>\n<p>Se ve tambi\u00e9n un ciervo, uno de los principales animales tot\u00e9micos. El ciervo representa, entre muchas cosas, la pureza, la gracilidad y el crecimiento espiritual. Sus astas crecen sobre sus cabezas hacia el cielo y se vinculan a nivel simb\u00f3lico con el \u00e1rbol, otro elemento de crecimiento espiritual y del ciclo de la vida. Estas se renuevan cada a\u00f1o en primavera y en diferentes culturas representan el renacimiento y la fertilidad.<\/p>\n<p>A Budha se le representa muchas veces con dos ciervos a los lados, pues la leyenda dice que en una vida anterior se reencarno en uno de estos animales de color dorado, ayudando a las personas a superar sus pulsiones instintivas y el sufrimiento originado por estas. Lo hac\u00eda orient\u00e1ndoles hac\u00eda el camino espiritual, hac\u00eda el noble camino \u00f3ctuple, una de las bases de las ense\u00f1anzas budhistas que ayuda a superar el \u201cdukkha\u201d, el dolor y el sufrimiento causados por el deseo.<\/p>\n<p>A lo largo de las diferentes culturas podemos encontrar una gran diversidad de dioses con astas de ciervo, un ejemplo ser\u00eda Cernunnos, el dios celta de la fertilidad, que adem\u00e1s tiene un papel de psicopompo, ya que gu\u00eda a las almas de los difuntos hac\u00eda el m\u00e1s all\u00e1.<\/p>\n<p>Hay un antiguo dolmen en Irlanda en el que se encuentran inscritas las siguientes palabras:<\/p>\n<p>\u201c\u00bfHas visto el ciervo blanco?<br \/>\nEl que lo vea ser\u00e1 bendecido.<br \/>\nEn un granero\/establo desconocido, de una estrella lejana.<br \/>\n\u00bfHas visto el ciervo blanco?<br \/>\nEl que lo vea vivir\u00e1 mucho tiempo en el principado de Arianrhod<br \/>\ny probar\u00e1 hidromiel y frutos de plata.\u201d<\/p>\n<p>Tambi\u00e9n hay una gran diversidad de diosas vinculadas a este animal de poder, la diosa celta Flidais, diosa de la caza, del bosque y de la bestias, o artemisa diosa de la caza del pante\u00f3n griego y su homologa Diana, de la mitolog\u00eda romana.<\/p>\n<p>En la leyenda de El Rey Arturo un ciervo blanco indicaba el camino para llegar al Santo Grial, s\u00edmbolo de la iluminaci\u00f3n y de la plenitud espiritual, adem\u00e1s de lo femenino. Tambi\u00e9n en la ilustraci\u00f3n aparece El Grial como un vaso derramando su agua. Se sit\u00faa justo debajo del ciervo, en el suelo hueco, como una cueva, que representa al inconsciente.<\/p>\n<p>El rat\u00f3n que vemos a un lado, junto a una llave, representa lo que el ser humano no suele mirar. Los ratones se vinculan con las plagas y la enfermedad, pero tambi\u00e9n son seres muy inteligentes, que exploran la parte oculta.<\/p>\n<p>Viven en sus madrigueras, que tienen que ver con lo subterr\u00e1neo, son pues conocedores de lo que a los humanos nos gusta ignorar, tienen la llave y son gu\u00edas del inconsciente.<\/p>\n<p>Adem\u00e1s se les relaciona con la fecundidad, la abundancia, la comida, la riqueza y la buena suerte en la cultura china.<\/p>\n<p>Son la montura del dios Ganesha hind\u00fa, el dios con cabeza de elefante, al que curiosamente, entre otras muchas cosas, tambi\u00e9n se le vincula con la prosperidad y la riqueza.<\/p>\n<p>Hay un famoso templo, llamado Bikaner, en la India, dedicado a las ratas, avatares de la m\u00edstica Karni Mata, que vivi\u00f3 en el siglo XIV y que es considerada como una de las reencarnaciones de la diosa Durga.<\/p>\n<p>Se piensa que las ratas son la reencarnaci\u00f3n de Karni Mata y sus disc\u00edpulos ya que, en una ocasi\u00f3n, cuando Karni Mata pidi\u00f3 a Yama, el dios de la muerte, que resucitara a una persona que hab\u00eda fallecido de forma tr\u00e1gica, este se neg\u00f3. Algo que no gusto a Karni Mata, que vi\u00e9ndolo injusto decidi\u00f3 que a partir de ese momento, tanto ella como todos sus disc\u00edpulos, se reencarnar\u00edan en estos roedores, arrebatando al dios Yama el control de sus almas. Es por ello que se las cuida y se las alimenta, siendo especialmente apreciadas las de color blanco, que se consideran directamente la propia Karmi Mata o alguno de sus familiares.<\/p>\n<p>&nbsp;<\/p>\n<p>&nbsp;<\/p>\n<p>With each acquisition you help me continue creating art independently.<\/p>\n<p>\u00a1As\u00ed que much\u00edsimas gracias por apoyar mi trabajo!<\/p>\n<p>&nbsp;<\/p>","protected":false},"excerpt":{"rendered":"<p>&nbsp; Caracter\u00edsticas: \u2013 Unisex. \u2013 Impresi\u00f3n de alta durabilidad y muy detallista. \u2013 La tela es 100% algod\u00f3n, de tacto suave y gran calidad. \u2013 Pespunte doble en el cuello y las mangas, que le a\u00f1ade mayor consistencia. \u2013 Tapacosturas reforzado en hombros y cuello. \u2013 Ya est\u00e1 preencogida, as\u00ed que puedes lavarla con normalidad [&hellip;]<\/p>\n","protected":false},"featured_media":10338,"template":"","meta":{"_et_pb_use_builder":"","_et_pb_old_content":"","_et_gb_content_width":""},"product_brand":[],"product_cat":[75,83],"product_tag":[],"class_list":{"0":"post-10331","1":"product","2":"type-product","3":"status-publish","4":"has-post-thumbnail","6":"product_cat-camisetas","7":"product_cat-moda","9":"first","10":"instock","11":"taxable","12":"shipping-taxable","13":"purchasable","14":"product-type-variable"},"yoast_head":"<!-- This site is optimized with the Yoast SEO plugin v27.2 - https:\/\/yoast.com\/product\/yoast-seo-wordpress\/ -->\n<title>New Mythologies - Camiseta - Blanca de la Torre<\/title>\n<meta name=\"robots\" content=\"index, follow, max-snippet:-1, max-image-preview:large, max-video-preview:-1\" \/>\n<link rel=\"canonical\" href=\"https:\/\/blancadelatorre.com\/english\/tienda\/new-mythologies-camiseta\/\" \/>\n<meta property=\"og:locale\" content=\"en_GB\" \/>\n<meta property=\"og:type\" content=\"article\" \/>\n<meta property=\"og:title\" content=\"New Mythologies - Camiseta - Blanca de la Torre\" \/>\n<meta property=\"og:description\" content=\"&nbsp; Caracter\u00edsticas: \u2013 Unisex. \u2013 Impresi\u00f3n de alta durabilidad y muy detallista. \u2013 La tela es 100% algod\u00f3n, de tacto suave y gran calidad. \u2013 Pespunte doble en el cuello y las mangas, que le a\u00f1ade mayor consistencia. \u2013 Tapacosturas reforzado en hombros y cuello. \u2013 Ya est\u00e1 preencogida, as\u00ed que puedes lavarla con normalidad [&hellip;]\" \/>\n<meta property=\"og:url\" content=\"https:\/\/blancadelatorre.com\/english\/tienda\/new-mythologies-camiseta\/\" \/>\n<meta property=\"og:site_name\" content=\"Blanca de la Torre\" \/>\n<meta property=\"article:modified_time\" content=\"2024-01-16T18:23:41+00:00\" \/>\n<meta property=\"og:image\" content=\"https:\/\/blancadelatorre.com\/wp-content\/uploads\/2021\/05\/unisex-basic-softstyle-t-shirt-black-front-60993c6d9fac8.jpg\" \/>\n\t<meta property=\"og:image:width\" content=\"1000\" \/>\n\t<meta property=\"og:image:height\" content=\"1000\" \/>\n\t<meta property=\"og:image:type\" content=\"image\/jpeg\" \/>\n<meta name=\"twitter:card\" content=\"summary_large_image\" \/>\n<meta name=\"twitter:site\" content=\"@delaTorreArt\" \/>\n<meta name=\"twitter:label1\" content=\"Estimated reading time\" \/>\n\t<meta name=\"twitter:data1\" content=\"5 minutes\" \/>\n<script type=\"application\/ld+json\" class=\"yoast-schema-graph\">{\"@context\":\"https:\/\/schema.org\",\"@graph\":[{\"@type\":\"WebPage\",\"@id\":\"https:\/\/blancadelatorre.com\/tienda\/new-mythologies-camiseta\/\",\"url\":\"https:\/\/blancadelatorre.com\/tienda\/new-mythologies-camiseta\/\",\"name\":\"New Mythologies - Camiseta - Blanca de la Torre\",\"isPartOf\":{\"@id\":\"https:\/\/blancadelatorre.com\/#website\"},\"primaryImageOfPage\":{\"@id\":\"https:\/\/blancadelatorre.com\/tienda\/new-mythologies-camiseta\/#primaryimage\"},\"image\":{\"@id\":\"https:\/\/blancadelatorre.com\/tienda\/new-mythologies-camiseta\/#primaryimage\"},\"thumbnailUrl\":\"https:\/\/blancadelatorre.com\/wp-content\/uploads\/2021\/05\/unisex-basic-softstyle-t-shirt-black-front-60993c6d9fac8.jpg\",\"datePublished\":\"2021-05-10T14:00:30+00:00\",\"dateModified\":\"2024-01-16T18:23:41+00:00\",\"breadcrumb\":{\"@id\":\"https:\/\/blancadelatorre.com\/tienda\/new-mythologies-camiseta\/#breadcrumb\"},\"inLanguage\":\"en-GB\",\"potentialAction\":[{\"@type\":\"ReadAction\",\"target\":[\"https:\/\/blancadelatorre.com\/tienda\/new-mythologies-camiseta\/\"]}]},{\"@type\":\"ImageObject\",\"inLanguage\":\"en-GB\",\"@id\":\"https:\/\/blancadelatorre.com\/tienda\/new-mythologies-camiseta\/#primaryimage\",\"url\":\"https:\/\/blancadelatorre.com\/wp-content\/uploads\/2021\/05\/unisex-basic-softstyle-t-shirt-black-front-60993c6d9fac8.jpg\",\"contentUrl\":\"https:\/\/blancadelatorre.com\/wp-content\/uploads\/2021\/05\/unisex-basic-softstyle-t-shirt-black-front-60993c6d9fac8.jpg\",\"width\":1000,\"height\":1000},{\"@type\":\"BreadcrumbList\",\"@id\":\"https:\/\/blancadelatorre.com\/tienda\/new-mythologies-camiseta\/#breadcrumb\",\"itemListElement\":[{\"@type\":\"ListItem\",\"position\":1,\"name\":\"Portada\",\"item\":\"https:\/\/blancadelatorre.com\/\"},{\"@type\":\"ListItem\",\"position\":2,\"name\":\"Tienda\",\"item\":\"https:\/\/blancadelatorre.com\/?page_id=592\"},{\"@type\":\"ListItem\",\"position\":3,\"name\":\"New Mythologies &#8211; Camiseta\"}]},{\"@type\":\"WebSite\",\"@id\":\"https:\/\/blancadelatorre.com\/#website\",\"url\":\"https:\/\/blancadelatorre.com\/\",\"name\":\"Blanca de la Torre\",\"description\":\"Artista visual: Pintura, ilustraci\u00f3n &amp; street art.\",\"publisher\":{\"@id\":\"https:\/\/blancadelatorre.com\/#\/schema\/person\/0566882b85a416c14a46137dc4c21573\"},\"potentialAction\":[{\"@type\":\"SearchAction\",\"target\":{\"@type\":\"EntryPoint\",\"urlTemplate\":\"https:\/\/blancadelatorre.com\/?s={search_term_string}\"},\"query-input\":{\"@type\":\"PropertyValueSpecification\",\"valueRequired\":true,\"valueName\":\"search_term_string\"}}],\"inLanguage\":\"en-GB\"},{\"@type\":[\"Person\",\"Organization\"],\"@id\":\"https:\/\/blancadelatorre.com\/#\/schema\/person\/0566882b85a416c14a46137dc4c21573\",\"name\":\"Blanca de la Torre\",\"logo\":{\"@id\":\"https:\/\/blancadelatorre.com\/#\/schema\/person\/image\/\"}}]}<\/script>\n<!-- \/ Yoast SEO plugin. -->","yoast_head_json":{"title":"New Mythologies - Camiseta - Blanca de la Torre","robots":{"index":"index","follow":"follow","max-snippet":"max-snippet:-1","max-image-preview":"max-image-preview:large","max-video-preview":"max-video-preview:-1"},"canonical":"https:\/\/blancadelatorre.com\/english\/tienda\/new-mythologies-camiseta\/","og_locale":"en_GB","og_type":"article","og_title":"New Mythologies - Camiseta - Blanca de la Torre","og_description":"&nbsp; Caracter\u00edsticas: \u2013 Unisex. \u2013 Impresi\u00f3n de alta durabilidad y muy detallista. \u2013 La tela es 100% algod\u00f3n, de tacto suave y gran calidad. \u2013 Pespunte doble en el cuello y las mangas, que le a\u00f1ade mayor consistencia. \u2013 Tapacosturas reforzado en hombros y cuello. \u2013 Ya est\u00e1 preencogida, as\u00ed que puedes lavarla con normalidad [&hellip;]","og_url":"https:\/\/blancadelatorre.com\/english\/tienda\/new-mythologies-camiseta\/","og_site_name":"Blanca de la Torre","article_modified_time":"2024-01-16T18:23:41+00:00","og_image":[{"width":1000,"height":1000,"url":"https:\/\/blancadelatorre.com\/wp-content\/uploads\/2021\/05\/unisex-basic-softstyle-t-shirt-black-front-60993c6d9fac8.jpg","type":"image\/jpeg"}],"twitter_card":"summary_large_image","twitter_site":"@delaTorreArt","twitter_misc":{"Estimated reading time":"5 minutes"},"schema":{"@context":"https:\/\/schema.org","@graph":[{"@type":"WebPage","@id":"https:\/\/blancadelatorre.com\/tienda\/new-mythologies-camiseta\/","url":"https:\/\/blancadelatorre.com\/tienda\/new-mythologies-camiseta\/","name":"New Mythologies - Camiseta - Blanca de la Torre","isPartOf":{"@id":"https:\/\/blancadelatorre.com\/#website"},"primaryImageOfPage":{"@id":"https:\/\/blancadelatorre.com\/tienda\/new-mythologies-camiseta\/#primaryimage"},"image":{"@id":"https:\/\/blancadelatorre.com\/tienda\/new-mythologies-camiseta\/#primaryimage"},"thumbnailUrl":"https:\/\/blancadelatorre.com\/wp-content\/uploads\/2021\/05\/unisex-basic-softstyle-t-shirt-black-front-60993c6d9fac8.jpg","datePublished":"2021-05-10T14:00:30+00:00","dateModified":"2024-01-16T18:23:41+00:00","breadcrumb":{"@id":"https:\/\/blancadelatorre.com\/tienda\/new-mythologies-camiseta\/#breadcrumb"},"inLanguage":"en-GB","potentialAction":[{"@type":"ReadAction","target":["https:\/\/blancadelatorre.com\/tienda\/new-mythologies-camiseta\/"]}]},{"@type":"ImageObject","inLanguage":"en-GB","@id":"https:\/\/blancadelatorre.com\/tienda\/new-mythologies-camiseta\/#primaryimage","url":"https:\/\/blancadelatorre.com\/wp-content\/uploads\/2021\/05\/unisex-basic-softstyle-t-shirt-black-front-60993c6d9fac8.jpg","contentUrl":"https:\/\/blancadelatorre.com\/wp-content\/uploads\/2021\/05\/unisex-basic-softstyle-t-shirt-black-front-60993c6d9fac8.jpg","width":1000,"height":1000},{"@type":"BreadcrumbList","@id":"https:\/\/blancadelatorre.com\/tienda\/new-mythologies-camiseta\/#breadcrumb","itemListElement":[{"@type":"ListItem","position":1,"name":"Portada","item":"https:\/\/blancadelatorre.com\/"},{"@type":"ListItem","position":2,"name":"Tienda","item":"https:\/\/blancadelatorre.com\/?page_id=592"},{"@type":"ListItem","position":3,"name":"New Mythologies &#8211; Camiseta"}]},{"@type":"WebSite","@id":"https:\/\/blancadelatorre.com\/#website","url":"https:\/\/blancadelatorre.com\/","name":"Blanca de la Torre","description":"Artista visual: Pintura, ilustraci\u00f3n &amp; street art.","publisher":{"@id":"https:\/\/blancadelatorre.com\/#\/schema\/person\/0566882b85a416c14a46137dc4c21573"},"potentialAction":[{"@type":"SearchAction","target":{"@type":"EntryPoint","urlTemplate":"https:\/\/blancadelatorre.com\/?s={search_term_string}"},"query-input":{"@type":"PropertyValueSpecification","valueRequired":true,"valueName":"search_term_string"}}],"inLanguage":"en-GB"},{"@type":["Person","Organization"],"@id":"https:\/\/blancadelatorre.com\/#\/schema\/person\/0566882b85a416c14a46137dc4c21573","name":"Blanca de la Torre","logo":{"@id":"https:\/\/blancadelatorre.com\/#\/schema\/person\/image\/"}}]}},"_links":{"self":[{"href":"https:\/\/blancadelatorre.com\/english\/wp-json\/wp\/v2\/product\/10331","targetHints":{"allow":["GET"]}}],"collection":[{"href":"https:\/\/blancadelatorre.com\/english\/wp-json\/wp\/v2\/product"}],"about":[{"href":"https:\/\/blancadelatorre.com\/english\/wp-json\/wp\/v2\/types\/product"}],"wp:featuredmedia":[{"embeddable":true,"href":"https:\/\/blancadelatorre.com\/english\/wp-json\/wp\/v2\/media\/10338"}],"wp:attachment":[{"href":"https:\/\/blancadelatorre.com\/english\/wp-json\/wp\/v2\/media?parent=10331"}],"wp:term":[{"taxonomy":"product_brand","embeddable":true,"href":"https:\/\/blancadelatorre.com\/english\/wp-json\/wp\/v2\/product_brand?post=10331"},{"taxonomy":"product_cat","embeddable":true,"href":"https:\/\/blancadelatorre.com\/english\/wp-json\/wp\/v2\/product_cat?post=10331"},{"taxonomy":"product_tag","embeddable":true,"href":"https:\/\/blancadelatorre.com\/english\/wp-json\/wp\/v2\/product_tag?post=10331"}],"curies":[{"name":"wp","href":"https:\/\/api.w.org\/{rel}","templated":true}]}}