{"id":10341,"date":"2021-05-11T15:46:38","date_gmt":"2021-05-11T15:46:38","guid":{"rendered":"https:\/\/blancadelatorre.com\/tienda\/instinto-lamina-2\/"},"modified":"2021-05-11T16:53:20","modified_gmt":"2021-05-11T16:53:20","slug":"instinto-lamina","status":"publish","type":"product","link":"https:\/\/blancadelatorre.com\/english\/tienda\/instinto-lamina\/","title":{"rendered":"Instinto &#8211; L\u00e1mina"},"content":{"rendered":"<p>&nbsp;<\/p>\n<p><strong>Caracter\u00edsticas:<\/strong><\/p>\n<p>L\u00e1mina de gran calidad y acabado mate, impresa en papel de alta durabilidad.<\/p>\n<p>\u2013 Grosor del papel: 0,26 mm (10.3 mil).<\/p>\n<p>\u2013 Peso del papel: 189 g\/m\u00b2 (5.57 oz\/y\u00b2)<\/p>\n<p>\u2013 Calidad de impresi\u00f3n Gicl\u00e9e.<\/p>\n<p>\u2013 Opacidad: 94%<\/p>\n<p>&nbsp;<\/p>\n<p><strong>Sobre la obra:<\/strong><\/p>\n<p>T\u00edtulo: Instinto<\/p>\n<p>Significado:<\/p>\n<p>La loba de los mil ojos. Visi\u00f3n, instinto y sombra. Conoce lo secreto y transporta a los humanos<br \/>\na lo desconocido, a lo cham\u00e1nico.<\/p>\n<p>Sale a saludar al ba\u00f1o de luna, que esta noche recuerda a una cornamenta taurina, hecha de<br \/>\nplata y fuerza, pero que guarda lo sutil.<\/p>\n<p>Animal gu\u00eda, el instinto que asoma, observa y espera en la noche. Adoradora de luna, aprende<br \/>\ndel silencio y sabe m\u00e1s por observar el alma y el esp\u00edritu, que por la mente o la raz\u00f3n.<\/p>\n<p>&nbsp;<\/p>\n<p>&nbsp;<\/p>\n<p>With each acquisition you help me continue creating art independently.<\/p>\n<p>\u00a1As\u00ed que much\u00edsimas gracias por apoyar mi trabajo!<\/p>","protected":false},"excerpt":{"rendered":"<p>&nbsp; Caracter\u00edsticas: L\u00e1mina de gran calidad y acabado mate, impresa en papel de alta durabilidad. \u2013 Grosor del papel: 0,26 mm (10.3 mil). \u2013 Peso del papel: 189 g\/m\u00b2 (5.57 oz\/y\u00b2) \u2013 Calidad de impresi\u00f3n Gicl\u00e9e. \u2013 Opacidad: 94% &nbsp; Sobre la obra: T\u00edtulo: Instinto Significado: La loba de los mil ojos. Visi\u00f3n, instinto y [&hellip;]<\/p>\n","protected":false},"featured_media":10347,"template":"","meta":{"_et_pb_use_builder":"","_et_pb_old_content":"","_et_gb_content_width":""},"product_brand":[],"product_cat":[84,80],"product_tag":[],"class_list":{"0":"post-10341","1":"product","2":"type-product","3":"status-publish","4":"has-post-thumbnail","6":"product_cat-arte","7":"product_cat-laminas","9":"first","10":"instock","11":"taxable","12":"shipping-taxable","13":"purchasable","14":"product-type-variable"},"yoast_head":"<!-- This site is optimized with the Yoast SEO plugin v27.2 - https:\/\/yoast.com\/product\/yoast-seo-wordpress\/ -->\n<title>Instinto - L\u00e1mina - Blanca de la Torre<\/title>\n<meta name=\"robots\" content=\"index, follow, max-snippet:-1, max-image-preview:large, max-video-preview:-1\" \/>\n<link rel=\"canonical\" href=\"https:\/\/blancadelatorre.com\/english\/tienda\/instinto-lamina\/\" \/>\n<meta property=\"og:locale\" content=\"en_GB\" \/>\n<meta property=\"og:type\" content=\"article\" \/>\n<meta property=\"og:title\" content=\"Instinto - L\u00e1mina - Blanca de la Torre\" \/>\n<meta property=\"og:description\" content=\"&nbsp; Caracter\u00edsticas: L\u00e1mina de gran calidad y acabado mate, impresa en papel de alta durabilidad. \u2013 Grosor del papel: 0,26 mm (10.3 mil). \u2013 Peso del papel: 189 g\/m\u00b2 (5.57 oz\/y\u00b2) \u2013 Calidad de impresi\u00f3n Gicl\u00e9e. \u2013 Opacidad: 94% &nbsp; Sobre la obra: T\u00edtulo: Instinto Significado: La loba de los mil ojos. Visi\u00f3n, instinto y [&hellip;]\" \/>\n<meta property=\"og:url\" content=\"https:\/\/blancadelatorre.com\/english\/tienda\/instinto-lamina\/\" \/>\n<meta property=\"og:site_name\" content=\"Blanca de la Torre\" \/>\n<meta property=\"article:modified_time\" content=\"2021-05-11T16:53:20+00:00\" \/>\n<meta property=\"og:image\" content=\"https:\/\/blancadelatorre.com\/wp-content\/uploads\/2021\/05\/enhanced-matte-paper-poster-cm-70x100-cm-transparent-609aa6d24263c.jpg\" \/>\n\t<meta property=\"og:image:width\" content=\"1000\" \/>\n\t<meta property=\"og:image:height\" content=\"1000\" \/>\n\t<meta property=\"og:image:type\" content=\"image\/jpeg\" \/>\n<meta name=\"twitter:card\" content=\"summary_large_image\" \/>\n<meta name=\"twitter:site\" content=\"@delaTorreArt\" \/>\n<meta name=\"twitter:label1\" content=\"Estimated reading time\" \/>\n\t<meta name=\"twitter:data1\" content=\"1 minute\" \/>\n<script type=\"application\/ld+json\" class=\"yoast-schema-graph\">{\"@context\":\"https:\/\/schema.org\",\"@graph\":[{\"@type\":\"WebPage\",\"@id\":\"https:\/\/blancadelatorre.com\/tienda\/instinto-lamina\/\",\"url\":\"https:\/\/blancadelatorre.com\/tienda\/instinto-lamina\/\",\"name\":\"Instinto - L\u00e1mina - Blanca de la Torre\",\"isPartOf\":{\"@id\":\"https:\/\/blancadelatorre.com\/#website\"},\"primaryImageOfPage\":{\"@id\":\"https:\/\/blancadelatorre.com\/tienda\/instinto-lamina\/#primaryimage\"},\"image\":{\"@id\":\"https:\/\/blancadelatorre.com\/tienda\/instinto-lamina\/#primaryimage\"},\"thumbnailUrl\":\"https:\/\/blancadelatorre.com\/wp-content\/uploads\/2021\/05\/enhanced-matte-paper-poster-cm-70x100-cm-transparent-609aa6d24263c.jpg\",\"datePublished\":\"2021-05-11T15:46:38+00:00\",\"dateModified\":\"2021-05-11T16:53:20+00:00\",\"breadcrumb\":{\"@id\":\"https:\/\/blancadelatorre.com\/tienda\/instinto-lamina\/#breadcrumb\"},\"inLanguage\":\"en-GB\",\"potentialAction\":[{\"@type\":\"ReadAction\",\"target\":[\"https:\/\/blancadelatorre.com\/tienda\/instinto-lamina\/\"]}]},{\"@type\":\"ImageObject\",\"inLanguage\":\"en-GB\",\"@id\":\"https:\/\/blancadelatorre.com\/tienda\/instinto-lamina\/#primaryimage\",\"url\":\"https:\/\/blancadelatorre.com\/wp-content\/uploads\/2021\/05\/enhanced-matte-paper-poster-cm-70x100-cm-transparent-609aa6d24263c.jpg\",\"contentUrl\":\"https:\/\/blancadelatorre.com\/wp-content\/uploads\/2021\/05\/enhanced-matte-paper-poster-cm-70x100-cm-transparent-609aa6d24263c.jpg\",\"width\":1000,\"height\":1000},{\"@type\":\"BreadcrumbList\",\"@id\":\"https:\/\/blancadelatorre.com\/tienda\/instinto-lamina\/#breadcrumb\",\"itemListElement\":[{\"@type\":\"ListItem\",\"position\":1,\"name\":\"Portada\",\"item\":\"https:\/\/blancadelatorre.com\/\"},{\"@type\":\"ListItem\",\"position\":2,\"name\":\"Tienda\",\"item\":\"https:\/\/blancadelatorre.com\/?page_id=592\"},{\"@type\":\"ListItem\",\"position\":3,\"name\":\"Instinto &#8211; L\u00e1mina\"}]},{\"@type\":\"WebSite\",\"@id\":\"https:\/\/blancadelatorre.com\/#website\",\"url\":\"https:\/\/blancadelatorre.com\/\",\"name\":\"Blanca de la Torre\",\"description\":\"Artista visual: Pintura, ilustraci\u00f3n &amp; street art.\",\"publisher\":{\"@id\":\"https:\/\/blancadelatorre.com\/#\/schema\/person\/0566882b85a416c14a46137dc4c21573\"},\"potentialAction\":[{\"@type\":\"SearchAction\",\"target\":{\"@type\":\"EntryPoint\",\"urlTemplate\":\"https:\/\/blancadelatorre.com\/?s={search_term_string}\"},\"query-input\":{\"@type\":\"PropertyValueSpecification\",\"valueRequired\":true,\"valueName\":\"search_term_string\"}}],\"inLanguage\":\"en-GB\"},{\"@type\":[\"Person\",\"Organization\"],\"@id\":\"https:\/\/blancadelatorre.com\/#\/schema\/person\/0566882b85a416c14a46137dc4c21573\",\"name\":\"Blanca de la Torre\",\"logo\":{\"@id\":\"https:\/\/blancadelatorre.com\/#\/schema\/person\/image\/\"}}]}<\/script>\n<!-- \/ Yoast SEO plugin. -->","yoast_head_json":{"title":"Instinto - L\u00e1mina - Blanca de la Torre","robots":{"index":"index","follow":"follow","max-snippet":"max-snippet:-1","max-image-preview":"max-image-preview:large","max-video-preview":"max-video-preview:-1"},"canonical":"https:\/\/blancadelatorre.com\/english\/tienda\/instinto-lamina\/","og_locale":"en_GB","og_type":"article","og_title":"Instinto - L\u00e1mina - Blanca de la Torre","og_description":"&nbsp; Caracter\u00edsticas: L\u00e1mina de gran calidad y acabado mate, impresa en papel de alta durabilidad. \u2013 Grosor del papel: 0,26 mm (10.3 mil). \u2013 Peso del papel: 189 g\/m\u00b2 (5.57 oz\/y\u00b2) \u2013 Calidad de impresi\u00f3n Gicl\u00e9e. \u2013 Opacidad: 94% &nbsp; Sobre la obra: T\u00edtulo: Instinto Significado: La loba de los mil ojos. Visi\u00f3n, instinto y [&hellip;]","og_url":"https:\/\/blancadelatorre.com\/english\/tienda\/instinto-lamina\/","og_site_name":"Blanca de la Torre","article_modified_time":"2021-05-11T16:53:20+00:00","og_image":[{"width":1000,"height":1000,"url":"https:\/\/blancadelatorre.com\/wp-content\/uploads\/2021\/05\/enhanced-matte-paper-poster-cm-70x100-cm-transparent-609aa6d24263c.jpg","type":"image\/jpeg"}],"twitter_card":"summary_large_image","twitter_site":"@delaTorreArt","twitter_misc":{"Estimated reading time":"1 minute"},"schema":{"@context":"https:\/\/schema.org","@graph":[{"@type":"WebPage","@id":"https:\/\/blancadelatorre.com\/tienda\/instinto-lamina\/","url":"https:\/\/blancadelatorre.com\/tienda\/instinto-lamina\/","name":"Instinto - L\u00e1mina - Blanca de la Torre","isPartOf":{"@id":"https:\/\/blancadelatorre.com\/#website"},"primaryImageOfPage":{"@id":"https:\/\/blancadelatorre.com\/tienda\/instinto-lamina\/#primaryimage"},"image":{"@id":"https:\/\/blancadelatorre.com\/tienda\/instinto-lamina\/#primaryimage"},"thumbnailUrl":"https:\/\/blancadelatorre.com\/wp-content\/uploads\/2021\/05\/enhanced-matte-paper-poster-cm-70x100-cm-transparent-609aa6d24263c.jpg","datePublished":"2021-05-11T15:46:38+00:00","dateModified":"2021-05-11T16:53:20+00:00","breadcrumb":{"@id":"https:\/\/blancadelatorre.com\/tienda\/instinto-lamina\/#breadcrumb"},"inLanguage":"en-GB","potentialAction":[{"@type":"ReadAction","target":["https:\/\/blancadelatorre.com\/tienda\/instinto-lamina\/"]}]},{"@type":"ImageObject","inLanguage":"en-GB","@id":"https:\/\/blancadelatorre.com\/tienda\/instinto-lamina\/#primaryimage","url":"https:\/\/blancadelatorre.com\/wp-content\/uploads\/2021\/05\/enhanced-matte-paper-poster-cm-70x100-cm-transparent-609aa6d24263c.jpg","contentUrl":"https:\/\/blancadelatorre.com\/wp-content\/uploads\/2021\/05\/enhanced-matte-paper-poster-cm-70x100-cm-transparent-609aa6d24263c.jpg","width":1000,"height":1000},{"@type":"BreadcrumbList","@id":"https:\/\/blancadelatorre.com\/tienda\/instinto-lamina\/#breadcrumb","itemListElement":[{"@type":"ListItem","position":1,"name":"Portada","item":"https:\/\/blancadelatorre.com\/"},{"@type":"ListItem","position":2,"name":"Tienda","item":"https:\/\/blancadelatorre.com\/?page_id=592"},{"@type":"ListItem","position":3,"name":"Instinto &#8211; L\u00e1mina"}]},{"@type":"WebSite","@id":"https:\/\/blancadelatorre.com\/#website","url":"https:\/\/blancadelatorre.com\/","name":"Blanca de la Torre","description":"Artista visual: Pintura, ilustraci\u00f3n &amp; street art.","publisher":{"@id":"https:\/\/blancadelatorre.com\/#\/schema\/person\/0566882b85a416c14a46137dc4c21573"},"potentialAction":[{"@type":"SearchAction","target":{"@type":"EntryPoint","urlTemplate":"https:\/\/blancadelatorre.com\/?s={search_term_string}"},"query-input":{"@type":"PropertyValueSpecification","valueRequired":true,"valueName":"search_term_string"}}],"inLanguage":"en-GB"},{"@type":["Person","Organization"],"@id":"https:\/\/blancadelatorre.com\/#\/schema\/person\/0566882b85a416c14a46137dc4c21573","name":"Blanca de la Torre","logo":{"@id":"https:\/\/blancadelatorre.com\/#\/schema\/person\/image\/"}}]}},"_links":{"self":[{"href":"https:\/\/blancadelatorre.com\/english\/wp-json\/wp\/v2\/product\/10341","targetHints":{"allow":["GET"]}}],"collection":[{"href":"https:\/\/blancadelatorre.com\/english\/wp-json\/wp\/v2\/product"}],"about":[{"href":"https:\/\/blancadelatorre.com\/english\/wp-json\/wp\/v2\/types\/product"}],"wp:featuredmedia":[{"embeddable":true,"href":"https:\/\/blancadelatorre.com\/english\/wp-json\/wp\/v2\/media\/10347"}],"wp:attachment":[{"href":"https:\/\/blancadelatorre.com\/english\/wp-json\/wp\/v2\/media?parent=10341"}],"wp:term":[{"taxonomy":"product_brand","embeddable":true,"href":"https:\/\/blancadelatorre.com\/english\/wp-json\/wp\/v2\/product_brand?post=10341"},{"taxonomy":"product_cat","embeddable":true,"href":"https:\/\/blancadelatorre.com\/english\/wp-json\/wp\/v2\/product_cat?post=10341"},{"taxonomy":"product_tag","embeddable":true,"href":"https:\/\/blancadelatorre.com\/english\/wp-json\/wp\/v2\/product_tag?post=10341"}],"curies":[{"name":"wp","href":"https:\/\/api.w.org\/{rel}","templated":true}]}}