{"id":10564,"date":"2022-02-23T12:55:05","date_gmt":"2022-02-23T12:55:05","guid":{"rendered":"https:\/\/blancadelatorre.com\/tienda\/the-witchs-companion-camiseta\/"},"modified":"2022-02-23T13:00:54","modified_gmt":"2022-02-23T13:00:54","slug":"the-witchs-companion-camiseta","status":"publish","type":"product","link":"https:\/\/blancadelatorre.com\/english\/tienda\/the-witchs-companion-camiseta\/","title":{"rendered":"The Witch&#8217;s Companion &#8211; Camiseta"},"content":{"rendered":"<p>Caracter\u00edsticas:<\/p>\n<p>\u2013 Unisex.<\/p>\n<p>\u2013 Impresi\u00f3n de alta durabilidad y muy detallista.<\/p>\n<p>\u2013 La tela es 100% algod\u00f3n, de tacto suave y gran calidad.<\/p>\n<p>\u2013 Pespunte doble en el cuello y las mangas, que le a\u00f1ade mayor consistencia.<\/p>\n<p>\u2013 Tapacosturas reforzado en hombros y cuello.<\/p>\n<p>\u2013 Ya est\u00e1 preencogida, as\u00ed que puedes lavarla con normalidad desde el primer d\u00eda.<\/p>\n<p>Sobre la obra:<\/p>\n<p>T\u00edtulo: The Witch&#8217;s Companion<\/p>\n<p>Significado:<\/p>\n<p>En la ilustraci\u00f3n hay adem\u00e1s diversas alusiones a diferentes tipos de tradiciones ocultistas, como el s\u00edmbolo wicca de la diosa, los s\u00edmbolos alqu\u00edmicos de los elementos y del oro o el \u00abAxioma de Mar\u00eda\u00bb, que aparecen en el libro.<\/p>\n<p>Mar\u00eda es una de las principales figuras femeninas vinculadas a la alquimia, adem\u00e1s de ser una de las precursoras de esta. Vivi\u00f3 entre el siglo I y el siglo III d.C. en Alejandr\u00eda y nos ha legado diferentes artilugios y formas de destilaci\u00f3n o pr\u00e1cticas tan conocidas como \u00abel ba\u00f1o Mar\u00eda\u00bb.<\/p>\n<p>El Axioma de Mar\u00eda o Mariam la Profetisa dice lo siguiente:<br \/>\n\u00abUno se convierte en dos, dos en tres, y del tercero surge el uno como el cuarto\u00bb.<\/p>\n<p>Este axioma fue usado como ense\u00f1anza en la alquimia a lo largo de los siglos, adem\u00e1s, m\u00e1s tarde, Carl Gustav Jung lo adopto como simbolismo para desarrollar sus ideas en torno a la individuaci\u00f3n, al igual que Marie-Louise von Franz, una de sus disc\u00edpulas m\u00e1s interesantes.<\/p>\n<p>Por otro lado, en el pergamino se pueden leer las letras griegas Alfa y Omega, vinculadas al dios cristiano y a Jesucristo.<\/p>\n<p>Simbolizan el principio y el fin y en el cristianismo hablan de que no hay nada antes ni despu\u00e9s de Dios\/Cristo.<\/p>\n<p>He querido representarlas en esta obra ya que, en mi opini\u00f3n y en cierta manera, Cristo, con sus milagros y trasformaci\u00f3n de elementos, como el agua en vino, tiene mucho que ver, a nivel simb\u00f3lico, con los arquetipos cl\u00e1sicos del mago, la bruja, el chaman o el alquimista.<\/p>\n<p>Por \u00faltimo el gato, como un animal m\u00edstico y gu\u00eda est\u00e1 coronado por el chakra Sahasrara, el chakra corona, que tiene que ver con la conexi\u00f3n espiritual. A este le siguen algunos de los chakras superiores ya que seg\u00fan algunas tradiciones del estudio del sistema energ\u00e9tico hay m\u00e1s de 7 chakras, adem\u00e1s de much\u00edsimos centros energ\u00e9ticos menores distribuidos a lo largo del cuerpo y en el entorno de este.<\/p>","protected":false},"excerpt":{"rendered":"<p>Caracter\u00edsticas: \u2013 Unisex. \u2013 Impresi\u00f3n de alta durabilidad y muy detallista. \u2013 La tela es 100% algod\u00f3n, de tacto suave y gran calidad. \u2013 Pespunte doble en el cuello y las mangas, que le a\u00f1ade mayor consistencia. \u2013 Tapacosturas reforzado en hombros y cuello. \u2013 Ya est\u00e1 preencogida, as\u00ed que puedes lavarla con normalidad desde [&hellip;]<\/p>\n","protected":false},"featured_media":10569,"template":"","meta":{"_et_pb_use_builder":"","_et_pb_old_content":"","_et_gb_content_width":""},"product_brand":[],"product_cat":[75,83],"product_tag":[],"class_list":{"0":"post-10564","1":"product","2":"type-product","3":"status-publish","4":"has-post-thumbnail","6":"product_cat-camisetas","7":"product_cat-moda","9":"first","10":"instock","11":"taxable","12":"shipping-taxable","13":"purchasable","14":"product-type-variable"},"yoast_head":"<!-- This site is optimized with the Yoast SEO plugin v27.2 - https:\/\/yoast.com\/product\/yoast-seo-wordpress\/ -->\n<title>The Witch&#039;s Companion - Camiseta - Blanca de la Torre<\/title>\n<meta name=\"robots\" content=\"index, follow, max-snippet:-1, max-image-preview:large, max-video-preview:-1\" \/>\n<link rel=\"canonical\" href=\"https:\/\/blancadelatorre.com\/english\/tienda\/the-witchs-companion-camiseta\/\" \/>\n<meta property=\"og:locale\" content=\"en_GB\" \/>\n<meta property=\"og:type\" content=\"article\" \/>\n<meta property=\"og:title\" content=\"The Witch&#039;s Companion - Camiseta - Blanca de la Torre\" \/>\n<meta property=\"og:description\" content=\"Caracter\u00edsticas: \u2013 Unisex. \u2013 Impresi\u00f3n de alta durabilidad y muy detallista. \u2013 La tela es 100% algod\u00f3n, de tacto suave y gran calidad. \u2013 Pespunte doble en el cuello y las mangas, que le a\u00f1ade mayor consistencia. \u2013 Tapacosturas reforzado en hombros y cuello. \u2013 Ya est\u00e1 preencogida, as\u00ed que puedes lavarla con normalidad desde [&hellip;]\" \/>\n<meta property=\"og:url\" content=\"https:\/\/blancadelatorre.com\/english\/tienda\/the-witchs-companion-camiseta\/\" \/>\n<meta property=\"og:site_name\" content=\"Blanca de la Torre\" \/>\n<meta property=\"article:modified_time\" content=\"2022-02-23T13:00:54+00:00\" \/>\n<meta property=\"og:image\" content=\"https:\/\/blancadelatorre.com\/wp-content\/uploads\/2022\/02\/unisex-basic-softstyle-t-shirt-black-front-62162e9deb9a7.jpg\" \/>\n\t<meta property=\"og:image:width\" content=\"1000\" \/>\n\t<meta property=\"og:image:height\" content=\"1000\" \/>\n\t<meta property=\"og:image:type\" content=\"image\/jpeg\" \/>\n<meta name=\"twitter:card\" content=\"summary_large_image\" \/>\n<meta name=\"twitter:site\" content=\"@delaTorreArt\" \/>\n<meta name=\"twitter:label1\" content=\"Estimated reading time\" \/>\n\t<meta name=\"twitter:data1\" content=\"2 minutes\" \/>\n<script type=\"application\/ld+json\" class=\"yoast-schema-graph\">{\"@context\":\"https:\/\/schema.org\",\"@graph\":[{\"@type\":\"WebPage\",\"@id\":\"https:\/\/blancadelatorre.com\/tienda\/the-witchs-companion-camiseta\/\",\"url\":\"https:\/\/blancadelatorre.com\/tienda\/the-witchs-companion-camiseta\/\",\"name\":\"The Witch's Companion - Camiseta - Blanca de la Torre\",\"isPartOf\":{\"@id\":\"https:\/\/blancadelatorre.com\/#website\"},\"primaryImageOfPage\":{\"@id\":\"https:\/\/blancadelatorre.com\/tienda\/the-witchs-companion-camiseta\/#primaryimage\"},\"image\":{\"@id\":\"https:\/\/blancadelatorre.com\/tienda\/the-witchs-companion-camiseta\/#primaryimage\"},\"thumbnailUrl\":\"https:\/\/blancadelatorre.com\/wp-content\/uploads\/2022\/02\/unisex-basic-softstyle-t-shirt-black-front-62162e9deb9a7.jpg\",\"datePublished\":\"2022-02-23T12:55:05+00:00\",\"dateModified\":\"2022-02-23T13:00:54+00:00\",\"breadcrumb\":{\"@id\":\"https:\/\/blancadelatorre.com\/tienda\/the-witchs-companion-camiseta\/#breadcrumb\"},\"inLanguage\":\"en-GB\",\"potentialAction\":[{\"@type\":\"ReadAction\",\"target\":[\"https:\/\/blancadelatorre.com\/tienda\/the-witchs-companion-camiseta\/\"]}]},{\"@type\":\"ImageObject\",\"inLanguage\":\"en-GB\",\"@id\":\"https:\/\/blancadelatorre.com\/tienda\/the-witchs-companion-camiseta\/#primaryimage\",\"url\":\"https:\/\/blancadelatorre.com\/wp-content\/uploads\/2022\/02\/unisex-basic-softstyle-t-shirt-black-front-62162e9deb9a7.jpg\",\"contentUrl\":\"https:\/\/blancadelatorre.com\/wp-content\/uploads\/2022\/02\/unisex-basic-softstyle-t-shirt-black-front-62162e9deb9a7.jpg\",\"width\":1000,\"height\":1000},{\"@type\":\"BreadcrumbList\",\"@id\":\"https:\/\/blancadelatorre.com\/tienda\/the-witchs-companion-camiseta\/#breadcrumb\",\"itemListElement\":[{\"@type\":\"ListItem\",\"position\":1,\"name\":\"Portada\",\"item\":\"https:\/\/blancadelatorre.com\/\"},{\"@type\":\"ListItem\",\"position\":2,\"name\":\"Tienda\",\"item\":\"https:\/\/blancadelatorre.com\/?page_id=592\"},{\"@type\":\"ListItem\",\"position\":3,\"name\":\"The Witch&#8217;s Companion &#8211; Camiseta\"}]},{\"@type\":\"WebSite\",\"@id\":\"https:\/\/blancadelatorre.com\/#website\",\"url\":\"https:\/\/blancadelatorre.com\/\",\"name\":\"Blanca de la Torre\",\"description\":\"Artista visual: Pintura, ilustraci\u00f3n &amp; street art.\",\"publisher\":{\"@id\":\"https:\/\/blancadelatorre.com\/#\/schema\/person\/0566882b85a416c14a46137dc4c21573\"},\"potentialAction\":[{\"@type\":\"SearchAction\",\"target\":{\"@type\":\"EntryPoint\",\"urlTemplate\":\"https:\/\/blancadelatorre.com\/?s={search_term_string}\"},\"query-input\":{\"@type\":\"PropertyValueSpecification\",\"valueRequired\":true,\"valueName\":\"search_term_string\"}}],\"inLanguage\":\"en-GB\"},{\"@type\":[\"Person\",\"Organization\"],\"@id\":\"https:\/\/blancadelatorre.com\/#\/schema\/person\/0566882b85a416c14a46137dc4c21573\",\"name\":\"Blanca de la Torre\",\"logo\":{\"@id\":\"https:\/\/blancadelatorre.com\/#\/schema\/person\/image\/\"}}]}<\/script>\n<!-- \/ Yoast SEO plugin. -->","yoast_head_json":{"title":"The Witch's Companion - Camiseta - Blanca de la Torre","robots":{"index":"index","follow":"follow","max-snippet":"max-snippet:-1","max-image-preview":"max-image-preview:large","max-video-preview":"max-video-preview:-1"},"canonical":"https:\/\/blancadelatorre.com\/english\/tienda\/the-witchs-companion-camiseta\/","og_locale":"en_GB","og_type":"article","og_title":"The Witch's Companion - Camiseta - Blanca de la Torre","og_description":"Caracter\u00edsticas: \u2013 Unisex. \u2013 Impresi\u00f3n de alta durabilidad y muy detallista. \u2013 La tela es 100% algod\u00f3n, de tacto suave y gran calidad. \u2013 Pespunte doble en el cuello y las mangas, que le a\u00f1ade mayor consistencia. \u2013 Tapacosturas reforzado en hombros y cuello. \u2013 Ya est\u00e1 preencogida, as\u00ed que puedes lavarla con normalidad desde [&hellip;]","og_url":"https:\/\/blancadelatorre.com\/english\/tienda\/the-witchs-companion-camiseta\/","og_site_name":"Blanca de la Torre","article_modified_time":"2022-02-23T13:00:54+00:00","og_image":[{"width":1000,"height":1000,"url":"https:\/\/blancadelatorre.com\/wp-content\/uploads\/2022\/02\/unisex-basic-softstyle-t-shirt-black-front-62162e9deb9a7.jpg","type":"image\/jpeg"}],"twitter_card":"summary_large_image","twitter_site":"@delaTorreArt","twitter_misc":{"Estimated reading time":"2 minutes"},"schema":{"@context":"https:\/\/schema.org","@graph":[{"@type":"WebPage","@id":"https:\/\/blancadelatorre.com\/tienda\/the-witchs-companion-camiseta\/","url":"https:\/\/blancadelatorre.com\/tienda\/the-witchs-companion-camiseta\/","name":"The Witch's Companion - Camiseta - Blanca de la Torre","isPartOf":{"@id":"https:\/\/blancadelatorre.com\/#website"},"primaryImageOfPage":{"@id":"https:\/\/blancadelatorre.com\/tienda\/the-witchs-companion-camiseta\/#primaryimage"},"image":{"@id":"https:\/\/blancadelatorre.com\/tienda\/the-witchs-companion-camiseta\/#primaryimage"},"thumbnailUrl":"https:\/\/blancadelatorre.com\/wp-content\/uploads\/2022\/02\/unisex-basic-softstyle-t-shirt-black-front-62162e9deb9a7.jpg","datePublished":"2022-02-23T12:55:05+00:00","dateModified":"2022-02-23T13:00:54+00:00","breadcrumb":{"@id":"https:\/\/blancadelatorre.com\/tienda\/the-witchs-companion-camiseta\/#breadcrumb"},"inLanguage":"en-GB","potentialAction":[{"@type":"ReadAction","target":["https:\/\/blancadelatorre.com\/tienda\/the-witchs-companion-camiseta\/"]}]},{"@type":"ImageObject","inLanguage":"en-GB","@id":"https:\/\/blancadelatorre.com\/tienda\/the-witchs-companion-camiseta\/#primaryimage","url":"https:\/\/blancadelatorre.com\/wp-content\/uploads\/2022\/02\/unisex-basic-softstyle-t-shirt-black-front-62162e9deb9a7.jpg","contentUrl":"https:\/\/blancadelatorre.com\/wp-content\/uploads\/2022\/02\/unisex-basic-softstyle-t-shirt-black-front-62162e9deb9a7.jpg","width":1000,"height":1000},{"@type":"BreadcrumbList","@id":"https:\/\/blancadelatorre.com\/tienda\/the-witchs-companion-camiseta\/#breadcrumb","itemListElement":[{"@type":"ListItem","position":1,"name":"Portada","item":"https:\/\/blancadelatorre.com\/"},{"@type":"ListItem","position":2,"name":"Tienda","item":"https:\/\/blancadelatorre.com\/?page_id=592"},{"@type":"ListItem","position":3,"name":"The Witch&#8217;s Companion &#8211; Camiseta"}]},{"@type":"WebSite","@id":"https:\/\/blancadelatorre.com\/#website","url":"https:\/\/blancadelatorre.com\/","name":"Blanca de la Torre","description":"Artista visual: Pintura, ilustraci\u00f3n &amp; street art.","publisher":{"@id":"https:\/\/blancadelatorre.com\/#\/schema\/person\/0566882b85a416c14a46137dc4c21573"},"potentialAction":[{"@type":"SearchAction","target":{"@type":"EntryPoint","urlTemplate":"https:\/\/blancadelatorre.com\/?s={search_term_string}"},"query-input":{"@type":"PropertyValueSpecification","valueRequired":true,"valueName":"search_term_string"}}],"inLanguage":"en-GB"},{"@type":["Person","Organization"],"@id":"https:\/\/blancadelatorre.com\/#\/schema\/person\/0566882b85a416c14a46137dc4c21573","name":"Blanca de la Torre","logo":{"@id":"https:\/\/blancadelatorre.com\/#\/schema\/person\/image\/"}}]}},"_links":{"self":[{"href":"https:\/\/blancadelatorre.com\/english\/wp-json\/wp\/v2\/product\/10564","targetHints":{"allow":["GET"]}}],"collection":[{"href":"https:\/\/blancadelatorre.com\/english\/wp-json\/wp\/v2\/product"}],"about":[{"href":"https:\/\/blancadelatorre.com\/english\/wp-json\/wp\/v2\/types\/product"}],"wp:featuredmedia":[{"embeddable":true,"href":"https:\/\/blancadelatorre.com\/english\/wp-json\/wp\/v2\/media\/10569"}],"wp:attachment":[{"href":"https:\/\/blancadelatorre.com\/english\/wp-json\/wp\/v2\/media?parent=10564"}],"wp:term":[{"taxonomy":"product_brand","embeddable":true,"href":"https:\/\/blancadelatorre.com\/english\/wp-json\/wp\/v2\/product_brand?post=10564"},{"taxonomy":"product_cat","embeddable":true,"href":"https:\/\/blancadelatorre.com\/english\/wp-json\/wp\/v2\/product_cat?post=10564"},{"taxonomy":"product_tag","embeddable":true,"href":"https:\/\/blancadelatorre.com\/english\/wp-json\/wp\/v2\/product_tag?post=10564"}],"curies":[{"name":"wp","href":"https:\/\/api.w.org\/{rel}","templated":true}]}}