{"id":6931,"date":"2019-11-25T21:41:52","date_gmt":"2019-11-25T21:41:52","guid":{"rendered":"https:\/\/blancadelatorre.com\/tienda\/psicopompo-camiseta-de-manga-corta-unisex\/"},"modified":"2021-03-19T23:01:23","modified_gmt":"2021-03-19T23:01:23","slug":"wolf-camiseta","status":"publish","type":"product","link":"https:\/\/blancadelatorre.com\/english\/tienda\/wolf-camiseta\/","title":{"rendered":"Wolf &#8211; Camiseta"},"content":{"rendered":"<p>&nbsp;<\/p>\n<p><strong>Caracter\u00edsticas:<\/strong><\/p>\n<p>\u2013 Unisex.<\/p>\n<p>\u2013 Impresi\u00f3n de alta durabilidad y muy detallista.<\/p>\n<p>\u2013 La tela es 100% algod\u00f3n, de tacto suave y gran calidad.<\/p>\n<p>\u2013 Pespunte doble en el cuello y las mangas, que le a\u00f1ade mayor consistencia.<\/p>\n<p>\u2013 Tapacosturas reforzado en hombros y cuello.<\/p>\n<p>\u2013 Ya est\u00e1 preencogida, as\u00ed que puedes lavarla con normalidad desde el primer d\u00eda.<\/p>\n<p>&nbsp;<\/p>\n<p>&nbsp;<\/p>\n<p><strong>Sobre la obra:<\/strong><\/p>\n<p>T\u00edtulo: Wolf<\/p>\n<p>&nbsp;<\/p>\n<p>&nbsp;<\/p>\n<p>With each acquisition you help me continue creating art independently.<\/p>\n<p>\u00a1As\u00ed que much\u00edsimas gracias por apoyar mi trabajo!<\/p>\n<p>&nbsp;<\/p>\n<p>&nbsp;<\/p>\n<p><strong>Medidas:<\/strong><\/p>\n<table cellpadding=\"5\">\n<tbody>\n<tr>\n<td><\/td>\n<td><strong>S<\/strong><\/td>\n<td><strong>M<\/strong><\/td>\n<td><strong>L<\/strong><\/td>\n<td><strong>XL<\/strong><\/td>\n<\/tr>\n<tr>\n<td><strong>Longitud (cm)<\/strong><\/td>\n<td>71<\/td>\n<td>74<\/td>\n<td>77<\/td>\n<td>79<\/td>\n<\/tr>\n<tr>\n<td><strong>Anchura (cm)<\/strong><\/td>\n<td>46<\/td>\n<td>51<\/td>\n<td>56<\/td>\n<td>61<\/td>\n<\/tr>\n<\/tbody>\n<\/table>\n<p>&nbsp;<\/p>","protected":false},"excerpt":{"rendered":"<p>&nbsp; Caracter\u00edsticas: \u2013 Unisex. \u2013 Impresi\u00f3n de alta durabilidad y muy detallista. \u2013 La tela es 100% algod\u00f3n, de tacto suave y gran calidad. \u2013 Pespunte doble en el cuello y las mangas, que le a\u00f1ade mayor consistencia. \u2013 Tapacosturas reforzado en hombros y cuello. \u2013 Ya est\u00e1 preencogida, as\u00ed que puedes lavarla con normalidad [&hellip;]<\/p>\n","protected":false},"featured_media":9200,"template":"","meta":{"_et_pb_use_builder":"","_et_pb_old_content":"","_et_gb_content_width":""},"product_brand":[],"product_cat":[75,83],"product_tag":[],"class_list":{"0":"post-6931","1":"product","2":"type-product","3":"status-publish","4":"has-post-thumbnail","6":"product_cat-camisetas","7":"product_cat-moda","9":"first","10":"instock","11":"taxable","12":"shipping-taxable","13":"purchasable","14":"product-type-variable","15":"has-default-attributes"},"yoast_head":"<!-- This site is optimized with the Yoast SEO plugin v27.2 - https:\/\/yoast.com\/product\/yoast-seo-wordpress\/ -->\n<title>Wolf - Camiseta - Blanca de la Torre<\/title>\n<meta name=\"robots\" content=\"index, follow, max-snippet:-1, max-image-preview:large, max-video-preview:-1\" \/>\n<link rel=\"canonical\" href=\"https:\/\/blancadelatorre.com\/english\/tienda\/wolf-camiseta\/\" \/>\n<meta property=\"og:locale\" content=\"en_GB\" \/>\n<meta property=\"og:type\" content=\"article\" \/>\n<meta property=\"og:title\" content=\"Wolf - Camiseta - Blanca de la Torre\" \/>\n<meta property=\"og:description\" content=\"&nbsp; Caracter\u00edsticas: \u2013 Unisex. \u2013 Impresi\u00f3n de alta durabilidad y muy detallista. \u2013 La tela es 100% algod\u00f3n, de tacto suave y gran calidad. \u2013 Pespunte doble en el cuello y las mangas, que le a\u00f1ade mayor consistencia. \u2013 Tapacosturas reforzado en hombros y cuello. \u2013 Ya est\u00e1 preencogida, as\u00ed que puedes lavarla con normalidad [&hellip;]\" \/>\n<meta property=\"og:url\" content=\"https:\/\/blancadelatorre.com\/english\/tienda\/wolf-camiseta\/\" \/>\n<meta property=\"og:site_name\" content=\"Blanca de la Torre\" \/>\n<meta property=\"article:modified_time\" content=\"2021-03-19T23:01:23+00:00\" \/>\n<meta property=\"og:image\" content=\"https:\/\/blancadelatorre.com\/wp-content\/uploads\/2020\/11\/mockup-3b94a4e5.jpg\" \/>\n\t<meta property=\"og:image:width\" content=\"1000\" \/>\n\t<meta property=\"og:image:height\" content=\"1000\" \/>\n\t<meta property=\"og:image:type\" content=\"image\/jpeg\" \/>\n<meta name=\"twitter:card\" content=\"summary_large_image\" \/>\n<meta name=\"twitter:site\" content=\"@delaTorreArt\" \/>\n<meta name=\"twitter:label1\" content=\"Estimated reading time\" \/>\n\t<meta name=\"twitter:data1\" content=\"1 minute\" \/>\n<script type=\"application\/ld+json\" class=\"yoast-schema-graph\">{\"@context\":\"https:\/\/schema.org\",\"@graph\":[{\"@type\":\"WebPage\",\"@id\":\"https:\/\/blancadelatorre.com\/tienda\/wolf-camiseta\/\",\"url\":\"https:\/\/blancadelatorre.com\/tienda\/wolf-camiseta\/\",\"name\":\"Wolf - Camiseta - Blanca de la Torre\",\"isPartOf\":{\"@id\":\"https:\/\/blancadelatorre.com\/#website\"},\"primaryImageOfPage\":{\"@id\":\"https:\/\/blancadelatorre.com\/tienda\/wolf-camiseta\/#primaryimage\"},\"image\":{\"@id\":\"https:\/\/blancadelatorre.com\/tienda\/wolf-camiseta\/#primaryimage\"},\"thumbnailUrl\":\"https:\/\/blancadelatorre.com\/wp-content\/uploads\/2020\/11\/mockup-3b94a4e5.jpg\",\"datePublished\":\"2019-11-25T21:41:52+00:00\",\"dateModified\":\"2021-03-19T23:01:23+00:00\",\"breadcrumb\":{\"@id\":\"https:\/\/blancadelatorre.com\/tienda\/wolf-camiseta\/#breadcrumb\"},\"inLanguage\":\"en-GB\",\"potentialAction\":[{\"@type\":\"ReadAction\",\"target\":[\"https:\/\/blancadelatorre.com\/tienda\/wolf-camiseta\/\"]}]},{\"@type\":\"ImageObject\",\"inLanguage\":\"en-GB\",\"@id\":\"https:\/\/blancadelatorre.com\/tienda\/wolf-camiseta\/#primaryimage\",\"url\":\"https:\/\/blancadelatorre.com\/wp-content\/uploads\/2020\/11\/mockup-3b94a4e5.jpg\",\"contentUrl\":\"https:\/\/blancadelatorre.com\/wp-content\/uploads\/2020\/11\/mockup-3b94a4e5.jpg\",\"width\":1000,\"height\":1000},{\"@type\":\"BreadcrumbList\",\"@id\":\"https:\/\/blancadelatorre.com\/tienda\/wolf-camiseta\/#breadcrumb\",\"itemListElement\":[{\"@type\":\"ListItem\",\"position\":1,\"name\":\"Portada\",\"item\":\"https:\/\/blancadelatorre.com\/\"},{\"@type\":\"ListItem\",\"position\":2,\"name\":\"Tienda\",\"item\":\"https:\/\/blancadelatorre.com\/?page_id=592\"},{\"@type\":\"ListItem\",\"position\":3,\"name\":\"Wolf &#8211; Camiseta\"}]},{\"@type\":\"WebSite\",\"@id\":\"https:\/\/blancadelatorre.com\/#website\",\"url\":\"https:\/\/blancadelatorre.com\/\",\"name\":\"Blanca de la Torre\",\"description\":\"Artista visual: Pintura, ilustraci\u00f3n &amp; street art.\",\"publisher\":{\"@id\":\"https:\/\/blancadelatorre.com\/#\/schema\/person\/0566882b85a416c14a46137dc4c21573\"},\"potentialAction\":[{\"@type\":\"SearchAction\",\"target\":{\"@type\":\"EntryPoint\",\"urlTemplate\":\"https:\/\/blancadelatorre.com\/?s={search_term_string}\"},\"query-input\":{\"@type\":\"PropertyValueSpecification\",\"valueRequired\":true,\"valueName\":\"search_term_string\"}}],\"inLanguage\":\"en-GB\"},{\"@type\":[\"Person\",\"Organization\"],\"@id\":\"https:\/\/blancadelatorre.com\/#\/schema\/person\/0566882b85a416c14a46137dc4c21573\",\"name\":\"Blanca de la Torre\",\"logo\":{\"@id\":\"https:\/\/blancadelatorre.com\/#\/schema\/person\/image\/\"}}]}<\/script>\n<!-- \/ Yoast SEO plugin. -->","yoast_head_json":{"title":"Wolf - Camiseta - Blanca de la Torre","robots":{"index":"index","follow":"follow","max-snippet":"max-snippet:-1","max-image-preview":"max-image-preview:large","max-video-preview":"max-video-preview:-1"},"canonical":"https:\/\/blancadelatorre.com\/english\/tienda\/wolf-camiseta\/","og_locale":"en_GB","og_type":"article","og_title":"Wolf - Camiseta - Blanca de la Torre","og_description":"&nbsp; Caracter\u00edsticas: \u2013 Unisex. \u2013 Impresi\u00f3n de alta durabilidad y muy detallista. \u2013 La tela es 100% algod\u00f3n, de tacto suave y gran calidad. \u2013 Pespunte doble en el cuello y las mangas, que le a\u00f1ade mayor consistencia. \u2013 Tapacosturas reforzado en hombros y cuello. \u2013 Ya est\u00e1 preencogida, as\u00ed que puedes lavarla con normalidad [&hellip;]","og_url":"https:\/\/blancadelatorre.com\/english\/tienda\/wolf-camiseta\/","og_site_name":"Blanca de la Torre","article_modified_time":"2021-03-19T23:01:23+00:00","og_image":[{"width":1000,"height":1000,"url":"https:\/\/blancadelatorre.com\/wp-content\/uploads\/2020\/11\/mockup-3b94a4e5.jpg","type":"image\/jpeg"}],"twitter_card":"summary_large_image","twitter_site":"@delaTorreArt","twitter_misc":{"Estimated reading time":"1 minute"},"schema":{"@context":"https:\/\/schema.org","@graph":[{"@type":"WebPage","@id":"https:\/\/blancadelatorre.com\/tienda\/wolf-camiseta\/","url":"https:\/\/blancadelatorre.com\/tienda\/wolf-camiseta\/","name":"Wolf - Camiseta - Blanca de la Torre","isPartOf":{"@id":"https:\/\/blancadelatorre.com\/#website"},"primaryImageOfPage":{"@id":"https:\/\/blancadelatorre.com\/tienda\/wolf-camiseta\/#primaryimage"},"image":{"@id":"https:\/\/blancadelatorre.com\/tienda\/wolf-camiseta\/#primaryimage"},"thumbnailUrl":"https:\/\/blancadelatorre.com\/wp-content\/uploads\/2020\/11\/mockup-3b94a4e5.jpg","datePublished":"2019-11-25T21:41:52+00:00","dateModified":"2021-03-19T23:01:23+00:00","breadcrumb":{"@id":"https:\/\/blancadelatorre.com\/tienda\/wolf-camiseta\/#breadcrumb"},"inLanguage":"en-GB","potentialAction":[{"@type":"ReadAction","target":["https:\/\/blancadelatorre.com\/tienda\/wolf-camiseta\/"]}]},{"@type":"ImageObject","inLanguage":"en-GB","@id":"https:\/\/blancadelatorre.com\/tienda\/wolf-camiseta\/#primaryimage","url":"https:\/\/blancadelatorre.com\/wp-content\/uploads\/2020\/11\/mockup-3b94a4e5.jpg","contentUrl":"https:\/\/blancadelatorre.com\/wp-content\/uploads\/2020\/11\/mockup-3b94a4e5.jpg","width":1000,"height":1000},{"@type":"BreadcrumbList","@id":"https:\/\/blancadelatorre.com\/tienda\/wolf-camiseta\/#breadcrumb","itemListElement":[{"@type":"ListItem","position":1,"name":"Portada","item":"https:\/\/blancadelatorre.com\/"},{"@type":"ListItem","position":2,"name":"Tienda","item":"https:\/\/blancadelatorre.com\/?page_id=592"},{"@type":"ListItem","position":3,"name":"Wolf &#8211; Camiseta"}]},{"@type":"WebSite","@id":"https:\/\/blancadelatorre.com\/#website","url":"https:\/\/blancadelatorre.com\/","name":"Blanca de la Torre","description":"Artista visual: Pintura, ilustraci\u00f3n &amp; street art.","publisher":{"@id":"https:\/\/blancadelatorre.com\/#\/schema\/person\/0566882b85a416c14a46137dc4c21573"},"potentialAction":[{"@type":"SearchAction","target":{"@type":"EntryPoint","urlTemplate":"https:\/\/blancadelatorre.com\/?s={search_term_string}"},"query-input":{"@type":"PropertyValueSpecification","valueRequired":true,"valueName":"search_term_string"}}],"inLanguage":"en-GB"},{"@type":["Person","Organization"],"@id":"https:\/\/blancadelatorre.com\/#\/schema\/person\/0566882b85a416c14a46137dc4c21573","name":"Blanca de la Torre","logo":{"@id":"https:\/\/blancadelatorre.com\/#\/schema\/person\/image\/"}}]}},"_links":{"self":[{"href":"https:\/\/blancadelatorre.com\/english\/wp-json\/wp\/v2\/product\/6931","targetHints":{"allow":["GET"]}}],"collection":[{"href":"https:\/\/blancadelatorre.com\/english\/wp-json\/wp\/v2\/product"}],"about":[{"href":"https:\/\/blancadelatorre.com\/english\/wp-json\/wp\/v2\/types\/product"}],"wp:featuredmedia":[{"embeddable":true,"href":"https:\/\/blancadelatorre.com\/english\/wp-json\/wp\/v2\/media\/9200"}],"wp:attachment":[{"href":"https:\/\/blancadelatorre.com\/english\/wp-json\/wp\/v2\/media?parent=6931"}],"wp:term":[{"taxonomy":"product_brand","embeddable":true,"href":"https:\/\/blancadelatorre.com\/english\/wp-json\/wp\/v2\/product_brand?post=6931"},{"taxonomy":"product_cat","embeddable":true,"href":"https:\/\/blancadelatorre.com\/english\/wp-json\/wp\/v2\/product_cat?post=6931"},{"taxonomy":"product_tag","embeddable":true,"href":"https:\/\/blancadelatorre.com\/english\/wp-json\/wp\/v2\/product_tag?post=6931"}],"curies":[{"name":"wp","href":"https:\/\/api.w.org\/{rel}","templated":true}]}}