{"id":7321,"date":"2019-12-03T10:37:36","date_gmt":"2019-12-03T10:37:36","guid":{"rendered":"https:\/\/blancadelatorre.com\/tienda\/cosmic-mouse-camiseta-de-manga-corta-unisex\/"},"modified":"2021-03-18T13:36:42","modified_gmt":"2021-03-18T13:36:42","slug":"cosmic-mouse-camiseta","status":"publish","type":"product","link":"https:\/\/blancadelatorre.com\/english\/tienda\/cosmic-mouse-camiseta\/","title":{"rendered":"Cosmic Mouse &#8211; Camiseta"},"content":{"rendered":"<p>&nbsp;<\/p>\n<p><strong>Caracter\u00edsticas:<\/strong><\/p>\n<p><span style=\"font-weight: 400;\">&#8211; Unisex.<\/span><\/p>\n<p><span style=\"font-weight: 400;\">&#8211; Impresi\u00f3n de alta durabilidad y muy detallista.<\/span><\/p>\n<p><span style=\"font-weight: 400;\">&#8211; La tela es 100% algod\u00f3n, de tacto suave y gran calidad.<\/span><\/p>\n<p><span style=\"font-weight: 400;\">&#8211; Pespunte doble en el cuello y las mangas, que le a\u00f1ade mayor consistencia.<\/span><\/p>\n<p><span style=\"font-weight: 400;\">&#8211; Tapacosturas reforzado en hombros y cuello.<\/span><\/p>\n<p><span style=\"font-weight: 400;\">&#8211; Ya est\u00e1 preencogida, as\u00ed que puedes lavarla con normalidad desde el primer d\u00eda.<\/span><\/p>\n<p><span style=\"font-weight: 400;\">\u00a0<\/span><\/p>\n<p>&nbsp;<\/p>\n<p><strong>Significado de la obra:<\/strong><\/p>\n<p><span style=\"font-weight: 400;\">T\u00edtulo: Cosmic Mouse<\/span><\/p>\n<p>&nbsp;<\/p>\n<p><span style=\"font-weight: 400;\">Significado:<\/span><\/p>\n<p><span style=\"font-weight: 400;\">Hijos de la eterna crisis, sentados en un parking del <\/span><span style=\"font-weight: 400;\">extrarradio que se ha convertido en nuestra<br \/>\npeque\u00f1a madriguera, en donde podemos refugiarnos de la locura cuerda que gobierna el mundo<br \/>\nde ah\u00ed fuera.\u00a0<\/span><\/p>\n<p><span style=\"font-weight: 400;\">Pero ahora mismo todo eso sucede al margen de nuestro apartado trozo de asfalto, aqu\u00ed<br \/>\nvenimos a ver las estrellas, mientras hablamos de GameStop y del \u00faltimo suceso pol\u00edtico sobre<br \/>\nel que nadie nos ha preguntado.<\/span><\/p>\n<p><span style=\"font-weight: 400;\">Es realmente bello a su manera.\u00a0<\/span><\/p>\n<p><span style=\"font-weight: 400;\">Somos esos que se sientan en los pol\u00edgonos de las ciudades, a intentar sentirnos cerca de otros<br \/>\nseres humanos, a perder el tiempo, demostrando ante los viandantes ocasionales cuanta raz\u00f3n<br \/>\ntienen a la hora de juzgarnos, los parias necesarios para que otros sientan su \u00e9xito como un<br \/>\ngozo divino.<\/span><\/p>\n<p><span style=\"font-weight: 400;\">No somos inmaculados y s\u00ed ratones, ratas, culpables de nuestras desgracias porque no quisimos,<br \/>\no no supimos, \u00abser nuestros propios jefes\u00bb.\u00a0<\/span><\/p>\n<p><span style=\"font-weight: 400;\">Vivimos de primera mano los monstruos que produce el sue\u00f1o de la raz\u00f3n y tenemos la llave,<br \/>\nel saber de los olvidados, demostrando con nuestra propia existencia que este sistema est\u00e1<br \/>\nroto, <\/span><span style=\"font-weight: 400;\">mientras todos observamos impasibles el horror que hemos normalizado.<\/span><\/p>\n<p><span style=\"font-weight: 400;\">Hace fr\u00edo y empieza a chispear, pero no tenemos otro sitio a donde ir, as\u00ed que nos acercamos<br \/>\nun poco m\u00e1s a la pared, anhelando que esta pueda cubrirnos de lo inevitable, aunque sea un<br \/>\npoco, solo lo suficiente.<\/span><\/p>\n<p><span style=\"font-weight: 400;\">En la \u00fanica farola que hay empieza a generarse ese sonido, tan caracter\u00edstico, de la lluvia<br \/>\ngolpeando contra el metal. La luz tintinea de forma intermitente de vez en cuando. Hace<br \/>\ntiempo que el ayuntamiento de la zona dej\u00f3 de prestarle atenci\u00f3n.<\/span><\/p>\n<p>&nbsp;<\/p>\n<p><span style=\"font-weight: 400;\">With each acquisition you help me continue creating art independently.<\/span><\/p>\n<p><span style=\"font-weight: 400;\">\u00a1As\u00ed que much\u00edsimas gracias por apoyar mi trabajo!<\/span><\/p>\n<p>&nbsp;<\/p>\n<p>&nbsp;<\/p>\n<p><strong>Medidas:<\/strong><\/p>\n<table cellpadding=\"5\">\n<tbody>\n<tr>\n<td><\/td>\n<td><strong>S<\/strong><\/td>\n<td><strong>M<\/strong><\/td>\n<td><strong>L<\/strong><\/td>\n<td><strong>XL<\/strong><\/td>\n<\/tr>\n<tr>\n<td><strong>Longitud (cm)<\/strong><\/td>\n<td>71<\/td>\n<td>74<\/td>\n<td>77<\/td>\n<td>79<\/td>\n<\/tr>\n<tr>\n<td><strong>Anchura (cm)<\/strong><\/td>\n<td>46<\/td>\n<td>51<\/td>\n<td>56<\/td>\n<td>61<\/td>\n<\/tr>\n<\/tbody>\n<\/table>\n<p>&nbsp;<\/p>","protected":false},"excerpt":{"rendered":"<p>&nbsp; Caracter\u00edsticas: &#8211; Unisex. &#8211; Impresi\u00f3n de alta durabilidad y muy detallista. &#8211; La tela es 100% algod\u00f3n, de tacto suave y gran calidad. &#8211; Pespunte doble en el cuello y las mangas, que le a\u00f1ade mayor consistencia. &#8211; Tapacosturas reforzado en hombros y cuello. &#8211; Ya est\u00e1 preencogida, as\u00ed que puedes lavarla con normalidad [&hellip;]<\/p>\n","protected":false},"featured_media":7329,"template":"","meta":{"_et_pb_use_builder":"","_et_pb_old_content":"","_et_gb_content_width":""},"product_brand":[],"product_cat":[75,83],"product_tag":[],"class_list":{"0":"post-7321","1":"product","2":"type-product","3":"status-publish","4":"has-post-thumbnail","6":"product_cat-camisetas","7":"product_cat-moda","9":"first","10":"instock","11":"taxable","12":"shipping-taxable","13":"purchasable","14":"product-type-variable","15":"has-default-attributes"},"yoast_head":"<!-- This site is optimized with the Yoast SEO plugin v27.2 - https:\/\/yoast.com\/product\/yoast-seo-wordpress\/ -->\n<title>Cosmic Mouse - Camiseta - Blanca de la Torre<\/title>\n<meta name=\"robots\" content=\"index, follow, max-snippet:-1, max-image-preview:large, max-video-preview:-1\" \/>\n<link rel=\"canonical\" href=\"https:\/\/blancadelatorre.com\/english\/tienda\/cosmic-mouse-camiseta\/\" \/>\n<meta property=\"og:locale\" content=\"en_GB\" \/>\n<meta property=\"og:type\" content=\"article\" \/>\n<meta property=\"og:title\" content=\"Cosmic Mouse - Camiseta - Blanca de la Torre\" \/>\n<meta property=\"og:description\" content=\"&nbsp; Caracter\u00edsticas: &#8211; Unisex. &#8211; Impresi\u00f3n de alta durabilidad y muy detallista. &#8211; La tela es 100% algod\u00f3n, de tacto suave y gran calidad. &#8211; Pespunte doble en el cuello y las mangas, que le a\u00f1ade mayor consistencia. &#8211; Tapacosturas reforzado en hombros y cuello. &#8211; Ya est\u00e1 preencogida, as\u00ed que puedes lavarla con normalidad [&hellip;]\" \/>\n<meta property=\"og:url\" content=\"https:\/\/blancadelatorre.com\/english\/tienda\/cosmic-mouse-camiseta\/\" \/>\n<meta property=\"og:site_name\" content=\"Blanca de la Torre\" \/>\n<meta property=\"article:modified_time\" content=\"2021-03-18T13:36:42+00:00\" \/>\n<meta property=\"og:image\" content=\"https:\/\/blancadelatorre.com\/wp-content\/uploads\/2019\/12\/mockup-787920be.png\" \/>\n\t<meta property=\"og:image:width\" content=\"1000\" \/>\n\t<meta property=\"og:image:height\" content=\"1000\" \/>\n\t<meta property=\"og:image:type\" content=\"image\/png\" \/>\n<meta name=\"twitter:card\" content=\"summary_large_image\" \/>\n<meta name=\"twitter:site\" content=\"@delaTorreArt\" \/>\n<meta name=\"twitter:label1\" content=\"Estimated reading time\" \/>\n\t<meta name=\"twitter:data1\" content=\"2 minutes\" \/>\n<script type=\"application\/ld+json\" class=\"yoast-schema-graph\">{\"@context\":\"https:\/\/schema.org\",\"@graph\":[{\"@type\":\"WebPage\",\"@id\":\"https:\/\/blancadelatorre.com\/tienda\/cosmic-mouse-camiseta\/\",\"url\":\"https:\/\/blancadelatorre.com\/tienda\/cosmic-mouse-camiseta\/\",\"name\":\"Cosmic Mouse - Camiseta - Blanca de la Torre\",\"isPartOf\":{\"@id\":\"https:\/\/blancadelatorre.com\/#website\"},\"primaryImageOfPage\":{\"@id\":\"https:\/\/blancadelatorre.com\/tienda\/cosmic-mouse-camiseta\/#primaryimage\"},\"image\":{\"@id\":\"https:\/\/blancadelatorre.com\/tienda\/cosmic-mouse-camiseta\/#primaryimage\"},\"thumbnailUrl\":\"https:\/\/blancadelatorre.com\/wp-content\/uploads\/2019\/12\/mockup-787920be.png\",\"datePublished\":\"2019-12-03T10:37:36+00:00\",\"dateModified\":\"2021-03-18T13:36:42+00:00\",\"breadcrumb\":{\"@id\":\"https:\/\/blancadelatorre.com\/tienda\/cosmic-mouse-camiseta\/#breadcrumb\"},\"inLanguage\":\"en-GB\",\"potentialAction\":[{\"@type\":\"ReadAction\",\"target\":[\"https:\/\/blancadelatorre.com\/tienda\/cosmic-mouse-camiseta\/\"]}]},{\"@type\":\"ImageObject\",\"inLanguage\":\"en-GB\",\"@id\":\"https:\/\/blancadelatorre.com\/tienda\/cosmic-mouse-camiseta\/#primaryimage\",\"url\":\"https:\/\/blancadelatorre.com\/wp-content\/uploads\/2019\/12\/mockup-787920be.png\",\"contentUrl\":\"https:\/\/blancadelatorre.com\/wp-content\/uploads\/2019\/12\/mockup-787920be.png\",\"width\":1000,\"height\":1000},{\"@type\":\"BreadcrumbList\",\"@id\":\"https:\/\/blancadelatorre.com\/tienda\/cosmic-mouse-camiseta\/#breadcrumb\",\"itemListElement\":[{\"@type\":\"ListItem\",\"position\":1,\"name\":\"Portada\",\"item\":\"https:\/\/blancadelatorre.com\/\"},{\"@type\":\"ListItem\",\"position\":2,\"name\":\"Tienda\",\"item\":\"https:\/\/blancadelatorre.com\/?page_id=592\"},{\"@type\":\"ListItem\",\"position\":3,\"name\":\"Cosmic Mouse &#8211; Camiseta\"}]},{\"@type\":\"WebSite\",\"@id\":\"https:\/\/blancadelatorre.com\/#website\",\"url\":\"https:\/\/blancadelatorre.com\/\",\"name\":\"Blanca de la Torre\",\"description\":\"Artista visual: Pintura, ilustraci\u00f3n &amp; street art.\",\"publisher\":{\"@id\":\"https:\/\/blancadelatorre.com\/#\/schema\/person\/0566882b85a416c14a46137dc4c21573\"},\"potentialAction\":[{\"@type\":\"SearchAction\",\"target\":{\"@type\":\"EntryPoint\",\"urlTemplate\":\"https:\/\/blancadelatorre.com\/?s={search_term_string}\"},\"query-input\":{\"@type\":\"PropertyValueSpecification\",\"valueRequired\":true,\"valueName\":\"search_term_string\"}}],\"inLanguage\":\"en-GB\"},{\"@type\":[\"Person\",\"Organization\"],\"@id\":\"https:\/\/blancadelatorre.com\/#\/schema\/person\/0566882b85a416c14a46137dc4c21573\",\"name\":\"Blanca de la Torre\",\"logo\":{\"@id\":\"https:\/\/blancadelatorre.com\/#\/schema\/person\/image\/\"}}]}<\/script>\n<!-- \/ Yoast SEO plugin. -->","yoast_head_json":{"title":"Cosmic Mouse - Camiseta - Blanca de la Torre","robots":{"index":"index","follow":"follow","max-snippet":"max-snippet:-1","max-image-preview":"max-image-preview:large","max-video-preview":"max-video-preview:-1"},"canonical":"https:\/\/blancadelatorre.com\/english\/tienda\/cosmic-mouse-camiseta\/","og_locale":"en_GB","og_type":"article","og_title":"Cosmic Mouse - Camiseta - Blanca de la Torre","og_description":"&nbsp; Caracter\u00edsticas: &#8211; Unisex. &#8211; Impresi\u00f3n de alta durabilidad y muy detallista. &#8211; La tela es 100% algod\u00f3n, de tacto suave y gran calidad. &#8211; Pespunte doble en el cuello y las mangas, que le a\u00f1ade mayor consistencia. &#8211; Tapacosturas reforzado en hombros y cuello. &#8211; Ya est\u00e1 preencogida, as\u00ed que puedes lavarla con normalidad [&hellip;]","og_url":"https:\/\/blancadelatorre.com\/english\/tienda\/cosmic-mouse-camiseta\/","og_site_name":"Blanca de la Torre","article_modified_time":"2021-03-18T13:36:42+00:00","og_image":[{"width":1000,"height":1000,"url":"https:\/\/blancadelatorre.com\/wp-content\/uploads\/2019\/12\/mockup-787920be.png","type":"image\/png"}],"twitter_card":"summary_large_image","twitter_site":"@delaTorreArt","twitter_misc":{"Estimated reading time":"2 minutes"},"schema":{"@context":"https:\/\/schema.org","@graph":[{"@type":"WebPage","@id":"https:\/\/blancadelatorre.com\/tienda\/cosmic-mouse-camiseta\/","url":"https:\/\/blancadelatorre.com\/tienda\/cosmic-mouse-camiseta\/","name":"Cosmic Mouse - Camiseta - Blanca de la Torre","isPartOf":{"@id":"https:\/\/blancadelatorre.com\/#website"},"primaryImageOfPage":{"@id":"https:\/\/blancadelatorre.com\/tienda\/cosmic-mouse-camiseta\/#primaryimage"},"image":{"@id":"https:\/\/blancadelatorre.com\/tienda\/cosmic-mouse-camiseta\/#primaryimage"},"thumbnailUrl":"https:\/\/blancadelatorre.com\/wp-content\/uploads\/2019\/12\/mockup-787920be.png","datePublished":"2019-12-03T10:37:36+00:00","dateModified":"2021-03-18T13:36:42+00:00","breadcrumb":{"@id":"https:\/\/blancadelatorre.com\/tienda\/cosmic-mouse-camiseta\/#breadcrumb"},"inLanguage":"en-GB","potentialAction":[{"@type":"ReadAction","target":["https:\/\/blancadelatorre.com\/tienda\/cosmic-mouse-camiseta\/"]}]},{"@type":"ImageObject","inLanguage":"en-GB","@id":"https:\/\/blancadelatorre.com\/tienda\/cosmic-mouse-camiseta\/#primaryimage","url":"https:\/\/blancadelatorre.com\/wp-content\/uploads\/2019\/12\/mockup-787920be.png","contentUrl":"https:\/\/blancadelatorre.com\/wp-content\/uploads\/2019\/12\/mockup-787920be.png","width":1000,"height":1000},{"@type":"BreadcrumbList","@id":"https:\/\/blancadelatorre.com\/tienda\/cosmic-mouse-camiseta\/#breadcrumb","itemListElement":[{"@type":"ListItem","position":1,"name":"Portada","item":"https:\/\/blancadelatorre.com\/"},{"@type":"ListItem","position":2,"name":"Tienda","item":"https:\/\/blancadelatorre.com\/?page_id=592"},{"@type":"ListItem","position":3,"name":"Cosmic Mouse &#8211; Camiseta"}]},{"@type":"WebSite","@id":"https:\/\/blancadelatorre.com\/#website","url":"https:\/\/blancadelatorre.com\/","name":"Blanca de la Torre","description":"Artista visual: Pintura, ilustraci\u00f3n &amp; street art.","publisher":{"@id":"https:\/\/blancadelatorre.com\/#\/schema\/person\/0566882b85a416c14a46137dc4c21573"},"potentialAction":[{"@type":"SearchAction","target":{"@type":"EntryPoint","urlTemplate":"https:\/\/blancadelatorre.com\/?s={search_term_string}"},"query-input":{"@type":"PropertyValueSpecification","valueRequired":true,"valueName":"search_term_string"}}],"inLanguage":"en-GB"},{"@type":["Person","Organization"],"@id":"https:\/\/blancadelatorre.com\/#\/schema\/person\/0566882b85a416c14a46137dc4c21573","name":"Blanca de la Torre","logo":{"@id":"https:\/\/blancadelatorre.com\/#\/schema\/person\/image\/"}}]}},"_links":{"self":[{"href":"https:\/\/blancadelatorre.com\/english\/wp-json\/wp\/v2\/product\/7321","targetHints":{"allow":["GET"]}}],"collection":[{"href":"https:\/\/blancadelatorre.com\/english\/wp-json\/wp\/v2\/product"}],"about":[{"href":"https:\/\/blancadelatorre.com\/english\/wp-json\/wp\/v2\/types\/product"}],"wp:featuredmedia":[{"embeddable":true,"href":"https:\/\/blancadelatorre.com\/english\/wp-json\/wp\/v2\/media\/7329"}],"wp:attachment":[{"href":"https:\/\/blancadelatorre.com\/english\/wp-json\/wp\/v2\/media?parent=7321"}],"wp:term":[{"taxonomy":"product_brand","embeddable":true,"href":"https:\/\/blancadelatorre.com\/english\/wp-json\/wp\/v2\/product_brand?post=7321"},{"taxonomy":"product_cat","embeddable":true,"href":"https:\/\/blancadelatorre.com\/english\/wp-json\/wp\/v2\/product_cat?post=7321"},{"taxonomy":"product_tag","embeddable":true,"href":"https:\/\/blancadelatorre.com\/english\/wp-json\/wp\/v2\/product_tag?post=7321"}],"curies":[{"name":"wp","href":"https:\/\/api.w.org\/{rel}","templated":true}]}}