{"id":7556,"date":"2019-12-03T11:28:30","date_gmt":"2019-12-03T11:28:30","guid":{"rendered":"https:\/\/blancadelatorre.com\/tienda\/nocturnal-lamina\/"},"modified":"2021-03-22T16:27:45","modified_gmt":"2021-03-22T16:27:45","slug":"nocturnal-lamina","status":"publish","type":"product","link":"https:\/\/blancadelatorre.com\/english\/tienda\/nocturnal-lamina\/","title":{"rendered":"Nocturnal &#8211; L\u00e1mina"},"content":{"rendered":"<p>&nbsp;<\/p>\n<p><strong>Caracter\u00edsticas:<\/strong><\/p>\n<p>L\u00e1mina de gran calidad y acabado mate, impresa en papel de alta durabilidad.<\/p>\n<p>\u2013 Grosor del papel: 0,26 mm (10.3 mil).<\/p>\n<p>\u2013 Peso del papel: 189 g\/m\u00b2 (5.57 oz\/y\u00b2)<\/p>\n<p>\u2013 Calidad de impresi\u00f3n Gicl\u00e9e.<\/p>\n<p>\u2013 Opacidad: 94%<\/p>\n<p>&nbsp;<\/p>\n<p><strong>Sobre la obra:<\/strong><\/p>\n<p>T\u00edtulo: Nocturnal.<\/p>\n<p>&nbsp;<\/p>\n<p><span style=\"font-weight: 400;\">Significado:<\/span><\/p>\n<p>En la escena vemos dos animales, un coyote y un cuervo, ambos representan el arquetipo del trickster,<br \/>\nel arquetipo del dios bromista, burl\u00f3n, el que enga\u00f1a al h\u00e9roe o al dios normativo, salt\u00e1ndose las reglas<br \/>\nestablecidas o convencionales, tiene que ver con el simbolismo del diablo. El cuervo, el coyote, la<br \/>\nserpiente, el conejo\u2026 Son animales vinculados a este tipo de mitos. Un famoso ejemplo de esta<br \/>\npersonalidad ser\u00eda el dios Loki de la mitolog\u00eda n\u00f3rdica.<\/p>\n<p>Tanto el coyote como el cuervo se vinculan con la noche, el momento de lo oculto y de lo que enga\u00f1a a<br \/>\nla vista. Tambi\u00e9n se vinculan con la creaci\u00f3n del mundo y de los hombres, como en la mitolog\u00eda Inuit de<br \/>\nAlaska, donde el cuervo es el creador del mundo o en uno de los mitos de las culturas nativas de Am\u00e9rica<br \/>\ndel Norte, donde el coyote es el creador de los humanos, algo que sucede al patear una bola de barro. Esto<br \/>\nes curiosamente parecido a la mitolog\u00eda cristiana, donde dios con su aliento, con su aire, transforma e insufla<br \/>\nvida al polvo, a la tierra, al barro, creando al primer hombre, Ad\u00e1n.<\/p>\n<p>\u201c<em>Entonces Jehov\u00e1 Dios form\u00f3 al hombre del polvo de la tierra, y sopl\u00f3 en su nariz aliento de vida,\u00a0<\/em><em>y fue<br \/>\n<\/em><em>el hombre un ser viviente<\/em>\u201d (G\u00e9nesis 2:7)<\/p>\n<p>El trickster puede parecer, especialmente desde la cultura de los dioses del desierto, los dioses de la rama judaica,<br \/>\ndonde solo hay uno, un ser maligno, que rompe la norma y lo que debe ser, pero ah\u00ed reside precisamente su fuerza.<br \/>\nEs el que altera el orden, el que trae el caos y por lo tanto la novedad y el conocimiento desde el conflicto, desde lo<br \/>\ndesconocido. Elementos que son necesarios para la transformaci\u00f3n de lo anterior, de lo viejo. Es un rupturista de lo<br \/>\nest\u00e1tico y de lo anticuado.<\/p>\n<p>En el suelo podemos observar una pluma y un diamante. La pluma representa el elemento aire, tiene<br \/>\nque ver con lo espiritual y lo liviano. El diamante se vincula con el Self (el s\u00ed mismo), la iluminaci\u00f3n y la<br \/>\ncompletitud espiritual.<\/p>\n<p>&nbsp;<\/p>\n<p>&nbsp;<\/p>\n<p>With each acquisition you help me continue creating art independently.<\/p>\n<p>\u00a1As\u00ed que much\u00edsimas gracias por apoyar mi trabajo!<\/p>\n<p>&nbsp;<\/p>","protected":false},"excerpt":{"rendered":"<p>&nbsp; Caracter\u00edsticas: L\u00e1mina de gran calidad y acabado mate, impresa en papel de alta durabilidad. \u2013 Grosor del papel: 0,26 mm (10.3 mil). \u2013 Peso del papel: 189 g\/m\u00b2 (5.57 oz\/y\u00b2) \u2013 Calidad de impresi\u00f3n Gicl\u00e9e. \u2013 Opacidad: 94% &nbsp; Sobre la obra: T\u00edtulo: Nocturnal. &nbsp; Significado: En la escena vemos dos animales, un coyote [&hellip;]<\/p>\n","protected":false},"featured_media":7563,"template":"","meta":{"_et_pb_use_builder":"","_et_pb_old_content":"","_et_gb_content_width":""},"product_brand":[],"product_cat":[84,80],"product_tag":[],"class_list":{"0":"post-7556","1":"product","2":"type-product","3":"status-publish","4":"has-post-thumbnail","6":"product_cat-arte","7":"product_cat-laminas","9":"first","10":"instock","11":"taxable","12":"shipping-taxable","13":"purchasable","14":"product-type-variable","15":"has-default-attributes"},"yoast_head":"<!-- This site is optimized with the Yoast SEO plugin v27.2 - https:\/\/yoast.com\/product\/yoast-seo-wordpress\/ -->\n<title>Nocturnal - L\u00e1mina - Blanca de la Torre<\/title>\n<meta name=\"robots\" content=\"index, follow, max-snippet:-1, max-image-preview:large, max-video-preview:-1\" \/>\n<link rel=\"canonical\" href=\"https:\/\/blancadelatorre.com\/english\/tienda\/nocturnal-lamina\/\" \/>\n<meta property=\"og:locale\" content=\"en_GB\" \/>\n<meta property=\"og:type\" content=\"article\" \/>\n<meta property=\"og:title\" content=\"Nocturnal - L\u00e1mina - Blanca de la Torre\" \/>\n<meta property=\"og:description\" content=\"&nbsp; Caracter\u00edsticas: L\u00e1mina de gran calidad y acabado mate, impresa en papel de alta durabilidad. \u2013 Grosor del papel: 0,26 mm (10.3 mil). \u2013 Peso del papel: 189 g\/m\u00b2 (5.57 oz\/y\u00b2) \u2013 Calidad de impresi\u00f3n Gicl\u00e9e. \u2013 Opacidad: 94% &nbsp; Sobre la obra: T\u00edtulo: Nocturnal. &nbsp; Significado: En la escena vemos dos animales, un coyote [&hellip;]\" \/>\n<meta property=\"og:url\" content=\"https:\/\/blancadelatorre.com\/english\/tienda\/nocturnal-lamina\/\" \/>\n<meta property=\"og:site_name\" content=\"Blanca de la Torre\" \/>\n<meta property=\"article:modified_time\" content=\"2021-03-22T16:27:45+00:00\" \/>\n<meta property=\"og:image\" content=\"https:\/\/blancadelatorre.com\/wp-content\/uploads\/2019\/12\/mockup-b8693ab7.png\" \/>\n\t<meta property=\"og:image:width\" content=\"1000\" \/>\n\t<meta property=\"og:image:height\" content=\"1000\" \/>\n\t<meta property=\"og:image:type\" content=\"image\/png\" \/>\n<meta name=\"twitter:card\" content=\"summary_large_image\" \/>\n<meta name=\"twitter:site\" content=\"@delaTorreArt\" \/>\n<meta name=\"twitter:label1\" content=\"Estimated reading time\" \/>\n\t<meta name=\"twitter:data1\" content=\"2 minutes\" \/>\n<script type=\"application\/ld+json\" class=\"yoast-schema-graph\">{\"@context\":\"https:\/\/schema.org\",\"@graph\":[{\"@type\":\"WebPage\",\"@id\":\"https:\/\/blancadelatorre.com\/tienda\/nocturnal-lamina\/\",\"url\":\"https:\/\/blancadelatorre.com\/tienda\/nocturnal-lamina\/\",\"name\":\"Nocturnal - L\u00e1mina - Blanca de la Torre\",\"isPartOf\":{\"@id\":\"https:\/\/blancadelatorre.com\/#website\"},\"primaryImageOfPage\":{\"@id\":\"https:\/\/blancadelatorre.com\/tienda\/nocturnal-lamina\/#primaryimage\"},\"image\":{\"@id\":\"https:\/\/blancadelatorre.com\/tienda\/nocturnal-lamina\/#primaryimage\"},\"thumbnailUrl\":\"https:\/\/blancadelatorre.com\/wp-content\/uploads\/2019\/12\/mockup-b8693ab7.png\",\"datePublished\":\"2019-12-03T11:28:30+00:00\",\"dateModified\":\"2021-03-22T16:27:45+00:00\",\"breadcrumb\":{\"@id\":\"https:\/\/blancadelatorre.com\/tienda\/nocturnal-lamina\/#breadcrumb\"},\"inLanguage\":\"en-GB\",\"potentialAction\":[{\"@type\":\"ReadAction\",\"target\":[\"https:\/\/blancadelatorre.com\/tienda\/nocturnal-lamina\/\"]}]},{\"@type\":\"ImageObject\",\"inLanguage\":\"en-GB\",\"@id\":\"https:\/\/blancadelatorre.com\/tienda\/nocturnal-lamina\/#primaryimage\",\"url\":\"https:\/\/blancadelatorre.com\/wp-content\/uploads\/2019\/12\/mockup-b8693ab7.png\",\"contentUrl\":\"https:\/\/blancadelatorre.com\/wp-content\/uploads\/2019\/12\/mockup-b8693ab7.png\",\"width\":1000,\"height\":1000},{\"@type\":\"BreadcrumbList\",\"@id\":\"https:\/\/blancadelatorre.com\/tienda\/nocturnal-lamina\/#breadcrumb\",\"itemListElement\":[{\"@type\":\"ListItem\",\"position\":1,\"name\":\"Portada\",\"item\":\"https:\/\/blancadelatorre.com\/\"},{\"@type\":\"ListItem\",\"position\":2,\"name\":\"Tienda\",\"item\":\"https:\/\/blancadelatorre.com\/?page_id=592\"},{\"@type\":\"ListItem\",\"position\":3,\"name\":\"Nocturnal &#8211; L\u00e1mina\"}]},{\"@type\":\"WebSite\",\"@id\":\"https:\/\/blancadelatorre.com\/#website\",\"url\":\"https:\/\/blancadelatorre.com\/\",\"name\":\"Blanca de la Torre\",\"description\":\"Artista visual: Pintura, ilustraci\u00f3n &amp; street art.\",\"publisher\":{\"@id\":\"https:\/\/blancadelatorre.com\/#\/schema\/person\/0566882b85a416c14a46137dc4c21573\"},\"potentialAction\":[{\"@type\":\"SearchAction\",\"target\":{\"@type\":\"EntryPoint\",\"urlTemplate\":\"https:\/\/blancadelatorre.com\/?s={search_term_string}\"},\"query-input\":{\"@type\":\"PropertyValueSpecification\",\"valueRequired\":true,\"valueName\":\"search_term_string\"}}],\"inLanguage\":\"en-GB\"},{\"@type\":[\"Person\",\"Organization\"],\"@id\":\"https:\/\/blancadelatorre.com\/#\/schema\/person\/0566882b85a416c14a46137dc4c21573\",\"name\":\"Blanca de la Torre\",\"logo\":{\"@id\":\"https:\/\/blancadelatorre.com\/#\/schema\/person\/image\/\"}}]}<\/script>\n<!-- \/ Yoast SEO plugin. -->","yoast_head_json":{"title":"Nocturnal - L\u00e1mina - Blanca de la Torre","robots":{"index":"index","follow":"follow","max-snippet":"max-snippet:-1","max-image-preview":"max-image-preview:large","max-video-preview":"max-video-preview:-1"},"canonical":"https:\/\/blancadelatorre.com\/english\/tienda\/nocturnal-lamina\/","og_locale":"en_GB","og_type":"article","og_title":"Nocturnal - L\u00e1mina - Blanca de la Torre","og_description":"&nbsp; Caracter\u00edsticas: L\u00e1mina de gran calidad y acabado mate, impresa en papel de alta durabilidad. \u2013 Grosor del papel: 0,26 mm (10.3 mil). \u2013 Peso del papel: 189 g\/m\u00b2 (5.57 oz\/y\u00b2) \u2013 Calidad de impresi\u00f3n Gicl\u00e9e. \u2013 Opacidad: 94% &nbsp; Sobre la obra: T\u00edtulo: Nocturnal. &nbsp; Significado: En la escena vemos dos animales, un coyote [&hellip;]","og_url":"https:\/\/blancadelatorre.com\/english\/tienda\/nocturnal-lamina\/","og_site_name":"Blanca de la Torre","article_modified_time":"2021-03-22T16:27:45+00:00","og_image":[{"width":1000,"height":1000,"url":"https:\/\/blancadelatorre.com\/wp-content\/uploads\/2019\/12\/mockup-b8693ab7.png","type":"image\/png"}],"twitter_card":"summary_large_image","twitter_site":"@delaTorreArt","twitter_misc":{"Estimated reading time":"2 minutes"},"schema":{"@context":"https:\/\/schema.org","@graph":[{"@type":"WebPage","@id":"https:\/\/blancadelatorre.com\/tienda\/nocturnal-lamina\/","url":"https:\/\/blancadelatorre.com\/tienda\/nocturnal-lamina\/","name":"Nocturnal - L\u00e1mina - Blanca de la Torre","isPartOf":{"@id":"https:\/\/blancadelatorre.com\/#website"},"primaryImageOfPage":{"@id":"https:\/\/blancadelatorre.com\/tienda\/nocturnal-lamina\/#primaryimage"},"image":{"@id":"https:\/\/blancadelatorre.com\/tienda\/nocturnal-lamina\/#primaryimage"},"thumbnailUrl":"https:\/\/blancadelatorre.com\/wp-content\/uploads\/2019\/12\/mockup-b8693ab7.png","datePublished":"2019-12-03T11:28:30+00:00","dateModified":"2021-03-22T16:27:45+00:00","breadcrumb":{"@id":"https:\/\/blancadelatorre.com\/tienda\/nocturnal-lamina\/#breadcrumb"},"inLanguage":"en-GB","potentialAction":[{"@type":"ReadAction","target":["https:\/\/blancadelatorre.com\/tienda\/nocturnal-lamina\/"]}]},{"@type":"ImageObject","inLanguage":"en-GB","@id":"https:\/\/blancadelatorre.com\/tienda\/nocturnal-lamina\/#primaryimage","url":"https:\/\/blancadelatorre.com\/wp-content\/uploads\/2019\/12\/mockup-b8693ab7.png","contentUrl":"https:\/\/blancadelatorre.com\/wp-content\/uploads\/2019\/12\/mockup-b8693ab7.png","width":1000,"height":1000},{"@type":"BreadcrumbList","@id":"https:\/\/blancadelatorre.com\/tienda\/nocturnal-lamina\/#breadcrumb","itemListElement":[{"@type":"ListItem","position":1,"name":"Portada","item":"https:\/\/blancadelatorre.com\/"},{"@type":"ListItem","position":2,"name":"Tienda","item":"https:\/\/blancadelatorre.com\/?page_id=592"},{"@type":"ListItem","position":3,"name":"Nocturnal &#8211; L\u00e1mina"}]},{"@type":"WebSite","@id":"https:\/\/blancadelatorre.com\/#website","url":"https:\/\/blancadelatorre.com\/","name":"Blanca de la Torre","description":"Artista visual: Pintura, ilustraci\u00f3n &amp; street art.","publisher":{"@id":"https:\/\/blancadelatorre.com\/#\/schema\/person\/0566882b85a416c14a46137dc4c21573"},"potentialAction":[{"@type":"SearchAction","target":{"@type":"EntryPoint","urlTemplate":"https:\/\/blancadelatorre.com\/?s={search_term_string}"},"query-input":{"@type":"PropertyValueSpecification","valueRequired":true,"valueName":"search_term_string"}}],"inLanguage":"en-GB"},{"@type":["Person","Organization"],"@id":"https:\/\/blancadelatorre.com\/#\/schema\/person\/0566882b85a416c14a46137dc4c21573","name":"Blanca de la Torre","logo":{"@id":"https:\/\/blancadelatorre.com\/#\/schema\/person\/image\/"}}]}},"_links":{"self":[{"href":"https:\/\/blancadelatorre.com\/english\/wp-json\/wp\/v2\/product\/7556","targetHints":{"allow":["GET"]}}],"collection":[{"href":"https:\/\/blancadelatorre.com\/english\/wp-json\/wp\/v2\/product"}],"about":[{"href":"https:\/\/blancadelatorre.com\/english\/wp-json\/wp\/v2\/types\/product"}],"wp:featuredmedia":[{"embeddable":true,"href":"https:\/\/blancadelatorre.com\/english\/wp-json\/wp\/v2\/media\/7563"}],"wp:attachment":[{"href":"https:\/\/blancadelatorre.com\/english\/wp-json\/wp\/v2\/media?parent=7556"}],"wp:term":[{"taxonomy":"product_brand","embeddable":true,"href":"https:\/\/blancadelatorre.com\/english\/wp-json\/wp\/v2\/product_brand?post=7556"},{"taxonomy":"product_cat","embeddable":true,"href":"https:\/\/blancadelatorre.com\/english\/wp-json\/wp\/v2\/product_cat?post=7556"},{"taxonomy":"product_tag","embeddable":true,"href":"https:\/\/blancadelatorre.com\/english\/wp-json\/wp\/v2\/product_tag?post=7556"}],"curies":[{"name":"wp","href":"https:\/\/api.w.org\/{rel}","templated":true}]}}