{"id":7588,"date":"2019-12-03T11:33:23","date_gmt":"2019-12-03T11:33:23","guid":{"rendered":"https:\/\/blancadelatorre.com\/tienda\/magician-camiseta-de-manga-corta-unisex\/"},"modified":"2021-02-04T18:07:00","modified_gmt":"2021-02-04T18:07:00","slug":"magician-camiseta","status":"publish","type":"product","link":"https:\/\/blancadelatorre.com\/english\/tienda\/magician-camiseta\/","title":{"rendered":"Magician &#8211; Camiseta"},"content":{"rendered":"<p>&nbsp;<\/p>\n<p><strong>Caracter\u00edsticas:<\/strong><\/p>\n<p><span style=\"font-weight: 400;\">&#8211; Unisex.<\/span><\/p>\n<p><span style=\"font-weight: 400;\">&#8211; Impresi\u00f3n de alta durabilidad y muy detallista.<\/span><\/p>\n<p><span style=\"font-weight: 400;\">&#8211; La tela es 100% algod\u00f3n, de tacto suave y gran calidad.<\/span><\/p>\n<p><span style=\"font-weight: 400;\">&#8211; Pespunte doble en el cuello y las mangas, que le a\u00f1ade mayor consistencia.<\/span><\/p>\n<p><span style=\"font-weight: 400;\">&#8211; Tapacosturas reforzado en hombros y cuello.<\/span><\/p>\n<p><span style=\"font-weight: 400;\">&#8211; Ya est\u00e1 preencogida, as\u00ed que puedes lavarla con normalidad desde el primer d\u00eda.<\/span><\/p>\n<p>&nbsp;<\/p>\n<p>&nbsp;<\/p>\n<p><strong>Significado de la obra:<\/strong><\/p>\n<p><span style=\"font-weight: 400;\">T\u00edtulo: <\/span><span style=\"font-weight: 400;\">Magician.<\/span><\/p>\n<p>&nbsp;<\/p>\n<p>Significado:<\/p>\n<p>El mago es un s\u00edmbolo de trasformaci\u00f3n, alguien que manipula la materia y lo interno,<br \/>\nque crea nuevos elementos de la nada por medio de su voluntad y habilidad, algo<br \/>\nque se puede vincular, en cierta manera, con el concepto del dios creador.<\/p>\n<p>Son en muchos casos un canalizador de las fuerzas sobrenaturales y m\u00e1gicas, una<br \/>\nconexi\u00f3n entre el mundo terrenal, lo espiritual y lo divino encarnado en un humano<br \/>\nque\u00a0trasmite y muestra este conocimiento al colectivo.<\/p>\n<p>En occidente normalmente nos viene a la mente el cl\u00e1sico mago medieval. Algunos<br \/>\nde los m\u00e1s conocidos podr\u00edan ser Merl\u00edn o Gandalf, pero tambi\u00e9n podemos ver<br \/>\nrepresentado este tipo de arquetipo en chamanes, druidas, brujas, or\u00e1culos y otros<br \/>\npersonajes m\u00e1gicos.<\/p>\n<p>El mago transforma, es un arquetipo de cambio del mundo externo\u00a0y de la psique.<\/p>\n<p>Habla de nuestro poder personal para desarrollarnos y evolucionar, de integrar<br \/>\nnuestra sombra, de conocernos mejor a nosotros mismos y, por medio de este<br \/>\nautoconocimiento, tratar de cambiar lo que no nos gusta, modificando nuestra forma<br \/>\nde relacionarnos con lo existente, siempre con el objetivo de crecer como personas.<\/p>\n<p>En la imagen se ve una maga con su animal gu\u00eda, tiene una bola de energ\u00eda entre<br \/>\nlas manos, una llama que representa su poder interior y un gui\u00f1o a Prometeo.<\/p>\n<p>Los elementos que aparecen a su alrededor representan una mezcla entre s\u00edmbolos<br \/>\nespirituales y objetos de la vida cotidiana, son las experiencias y situaciones con las<br \/>\nque todos tenemos que lidiar para avanzar.<\/p>\n<p>Todo ello surge de un agujero que conecta con el cosmos, de una grieta que lleva al<br \/>\nplano f\u00edsico y terrenal, al mundo del aprendizaje donde, a partir de las experiencias y<br \/>\nel del d\u00eda a d\u00eda, estas se van incorporado a la parte oculta, a su parte interior,<br \/>\nayud\u00e1ndola a avanzar en su conocimiento y su psicolog\u00eda personal.<\/p>\n<p>&nbsp;<\/p>\n<p><span style=\"font-weight: 400;\">With each acquisition you help me continue creating art independently.<\/span><\/p>\n<p><span style=\"font-weight: 400;\">\u00a1As\u00ed que much\u00edsimas gracias por apoyar mi trabajo!<\/span><\/p>\n<p>&nbsp;<\/p>\n<p>&nbsp;<\/p>\n<p><strong>Medidas:<\/strong><\/p>\n<table cellpadding=\"5\">\n<tbody>\n<tr>\n<td><\/td>\n<td><strong>S<\/strong><\/td>\n<td><strong>M<\/strong><\/td>\n<td><strong>L<\/strong><\/td>\n<td><strong>XL<\/strong><\/td>\n<\/tr>\n<tr>\n<td><strong>Longitud (cm)<\/strong><\/td>\n<td>71<\/td>\n<td>74<\/td>\n<td>77<\/td>\n<td>79<\/td>\n<\/tr>\n<tr>\n<td><strong>Anchura (cm)<\/strong><\/td>\n<td>46<\/td>\n<td>51<\/td>\n<td>56<\/td>\n<td>61<\/td>\n<\/tr>\n<\/tbody>\n<\/table>\n<p>&nbsp;<\/p>","protected":false},"excerpt":{"rendered":"<p>&nbsp; Caracter\u00edsticas: &#8211; Unisex. &#8211; Impresi\u00f3n de alta durabilidad y muy detallista. &#8211; La tela es 100% algod\u00f3n, de tacto suave y gran calidad. &#8211; Pespunte doble en el cuello y las mangas, que le a\u00f1ade mayor consistencia. &#8211; Tapacosturas reforzado en hombros y cuello. &#8211; Ya est\u00e1 preencogida, as\u00ed que puedes lavarla con normalidad [&hellip;]<\/p>\n","protected":false},"featured_media":8727,"template":"","meta":{"_et_pb_use_builder":"on","_et_pb_old_content":"&nbsp;\r\n\r\n<strong>Caracter\u00edsticas:<\/strong>\r\n\r\n<span style=\"font-weight: 400;\">- Unisex.<\/span>\r\n\r\n<span style=\"font-weight: 400;\">- Impresi\u00f3n de alta durabilidad y muy detallista.<\/span>\r\n\r\n<span style=\"font-weight: 400;\">- La tela es 100% algod\u00f3n, de tacto suave y gran calidad.<\/span>\r\n\r\n<span style=\"font-weight: 400;\">- Pespunte doble en el cuello y las mangas, que le a\u00f1ade mayor consistencia.<\/span>\r\n\r\n<span style=\"font-weight: 400;\">- Tapacosturas reforzado en hombros y cuello.<\/span>\r\n\r\n<span style=\"font-weight: 400;\">- Ya est\u00e1 preencogida, as\u00ed que puedes lavarla con normalidad desde el primer d\u00eda.<\/span>\r\n\r\n&nbsp;\r\n\r\n&nbsp;\r\n\r\n<strong>Significado de la obra:<\/strong>\r\n\r\n<span style=\"font-weight: 400;\">T\u00edtulo: <\/span><span style=\"font-weight: 400;\">Magician.<\/span>\r\n\r\n&nbsp;\r\n\r\nSignificado:\r\n\r\nEl mago es un s\u00edmbolo de trasformaci\u00f3n, alguien que manipula la materia y lo interno,\r\nque crea nuevos elementos de la nada por medio de su voluntad y habilidad, algo\r\nque se puede vincular, en cierta manera, con el concepto del dios creador.\r\n\r\nSon en muchos casos un canalizador de las fuerzas sobrenaturales y m\u00e1gicas, una\r\nconexi\u00f3n entre el mundo terrenal, lo espiritual y lo divino encarnado en un humano\r\nque\u00a0trasmite y muestra este conocimiento al colectivo.\r\n\r\nEn occidente normalmente nos viene a la mente el cl\u00e1sico mago medieval. Algunos\r\nde los m\u00e1s conocidos podr\u00edan ser Merl\u00edn o Gandalf, pero tambi\u00e9n podemos ver\r\nrepresentado este tipo de arquetipo en chamanes, druidas, brujas, or\u00e1culos y otros\r\npersonajes m\u00e1gicos.\r\n\r\nEl mago transforma, es un arquetipo de cambio del mundo externo\u00a0y de la psique.\r\n\r\nHabla de nuestro poder personal para desarrollarnos y evolucionar, de integrar\r\nnuestra sombra, de conocernos mejor a nosotros mismos y, por medio de este\r\nautoconocimiento, tratar de cambiar lo que no nos gusta, modificando nuestra forma\r\nde relacionarnos con lo existente, siempre con el objetivo de crecer como personas.\r\n\r\nEn la imagen se ve una maga con su animal gu\u00eda, tiene una bola de energ\u00eda entre\r\nlas manos, una llama que representa su poder interior y un gui\u00f1o a Prometeo.\r\n\r\nLos elementos que aparecen a su alrededor representan una mezcla entre s\u00edmbolos\r\nespirituales y objetos de la vida cotidiana, son las experiencias y situaciones con las\r\nque todos tenemos que lidiar para avanzar.\r\n\r\nTodo ello surge de un agujero que conecta con el cosmos, de una grieta que lleva al\r\nplano f\u00edsico y terrenal, al mundo del aprendizaje donde, a partir de las experiencias y\r\nel del d\u00eda a d\u00eda, estas se van incorporado a la parte oculta, a su parte interior,\r\nayud\u00e1ndola a avanzar en su conocimiento y su psicolog\u00eda personal.\r\n\r\n&nbsp;\r\n\r\n<span style=\"font-weight: 400;\">Con cada adquisici\u00f3n me ayudas a seguir creando arte de forma independiente.<\/span>\r\n\r\n<span style=\"font-weight: 400;\">\u00a1As\u00ed que much\u00edsimas gracias por apoyar mi trabajo!<\/span>\r\n\r\n&nbsp;\r\n\r\n&nbsp;\r\n\r\n<strong>Medidas:<\/strong>\r\n<table cellpadding=\"5\">\r\n<tbody>\r\n<tr>\r\n<td><\/td>\r\n<td><strong>S<\/strong><\/td>\r\n<td><strong>M<\/strong><\/td>\r\n<td><strong>L<\/strong><\/td>\r\n<td><strong>XL<\/strong><\/td>\r\n<\/tr>\r\n<tr>\r\n<td><strong>Longitud (cm)<\/strong><\/td>\r\n<td>71<\/td>\r\n<td>74<\/td>\r\n<td>77<\/td>\r\n<td>79<\/td>\r\n<\/tr>\r\n<tr>\r\n<td><strong>Anchura (cm)<\/strong><\/td>\r\n<td>46<\/td>\r\n<td>51<\/td>\r\n<td>56<\/td>\r\n<td>61<\/td>\r\n<\/tr>\r\n<\/tbody>\r\n<\/table>\r\n&nbsp;","_et_gb_content_width":""},"product_brand":[],"product_cat":[75,83],"product_tag":[],"class_list":{"0":"post-7588","1":"product","2":"type-product","3":"status-publish","4":"has-post-thumbnail","6":"product_cat-camisetas","7":"product_cat-moda","9":"first","10":"instock","11":"taxable","12":"shipping-taxable","13":"purchasable","14":"product-type-variable","15":"has-default-attributes"},"yoast_head":"<!-- This site is optimized with the Yoast SEO plugin v27.2 - https:\/\/yoast.com\/product\/yoast-seo-wordpress\/ -->\n<title>Magician - Camiseta - Blanca de la Torre<\/title>\n<meta name=\"robots\" content=\"index, follow, max-snippet:-1, max-image-preview:large, max-video-preview:-1\" \/>\n<link rel=\"canonical\" href=\"https:\/\/blancadelatorre.com\/english\/tienda\/magician-camiseta\/\" \/>\n<meta property=\"og:locale\" content=\"en_GB\" \/>\n<meta property=\"og:type\" content=\"article\" \/>\n<meta property=\"og:title\" content=\"Magician - Camiseta - Blanca de la Torre\" \/>\n<meta property=\"og:description\" content=\"&nbsp; Caracter\u00edsticas: - Unisex. - Impresi\u00f3n de alta durabilidad y muy detallista. - La tela es 100% algod\u00f3n, de tacto suave y gran calidad. - Pespunte doble en el cuello y las mangas, que le a\u00f1ade mayor consistencia. - Tapacosturas reforzado en hombros y cuello. - Ya est\u00e1 preencogida, as\u00ed que puedes lavarla con normalidad [&hellip;]\" \/>\n<meta property=\"og:url\" content=\"https:\/\/blancadelatorre.com\/english\/tienda\/magician-camiseta\/\" \/>\n<meta property=\"og:site_name\" content=\"Blanca de la Torre\" \/>\n<meta property=\"article:modified_time\" content=\"2021-02-04T18:07:00+00:00\" \/>\n<meta property=\"og:image\" content=\"https:\/\/blancadelatorre.com\/wp-content\/uploads\/2019\/12\/Magician-Inside-Land-Camisetas_Logo-ojo-5-B_mockup_Front_Flat_Black.png\" \/>\n\t<meta property=\"og:image:width\" content=\"1000\" \/>\n\t<meta property=\"og:image:height\" content=\"1000\" \/>\n\t<meta property=\"og:image:type\" content=\"image\/png\" \/>\n<meta name=\"twitter:card\" content=\"summary_large_image\" \/>\n<meta name=\"twitter:site\" content=\"@delaTorreArt\" \/>\n<meta name=\"twitter:label1\" content=\"Estimated reading time\" \/>\n\t<meta name=\"twitter:data1\" content=\"2 minutes\" \/>\n<script type=\"application\/ld+json\" class=\"yoast-schema-graph\">{\"@context\":\"https:\/\/schema.org\",\"@graph\":[{\"@type\":\"WebPage\",\"@id\":\"https:\/\/blancadelatorre.com\/tienda\/magician-camiseta\/\",\"url\":\"https:\/\/blancadelatorre.com\/tienda\/magician-camiseta\/\",\"name\":\"Magician - Camiseta - Blanca de la Torre\",\"isPartOf\":{\"@id\":\"https:\/\/blancadelatorre.com\/#website\"},\"primaryImageOfPage\":{\"@id\":\"https:\/\/blancadelatorre.com\/tienda\/magician-camiseta\/#primaryimage\"},\"image\":{\"@id\":\"https:\/\/blancadelatorre.com\/tienda\/magician-camiseta\/#primaryimage\"},\"thumbnailUrl\":\"https:\/\/blancadelatorre.com\/wp-content\/uploads\/2019\/12\/Magician-Inside-Land-Camisetas_Logo-ojo-5-B_mockup_Front_Flat_Black.png\",\"datePublished\":\"2019-12-03T11:33:23+00:00\",\"dateModified\":\"2021-02-04T18:07:00+00:00\",\"breadcrumb\":{\"@id\":\"https:\/\/blancadelatorre.com\/tienda\/magician-camiseta\/#breadcrumb\"},\"inLanguage\":\"en-GB\",\"potentialAction\":[{\"@type\":\"ReadAction\",\"target\":[\"https:\/\/blancadelatorre.com\/tienda\/magician-camiseta\/\"]}]},{\"@type\":\"ImageObject\",\"inLanguage\":\"en-GB\",\"@id\":\"https:\/\/blancadelatorre.com\/tienda\/magician-camiseta\/#primaryimage\",\"url\":\"https:\/\/blancadelatorre.com\/wp-content\/uploads\/2019\/12\/Magician-Inside-Land-Camisetas_Logo-ojo-5-B_mockup_Front_Flat_Black.png\",\"contentUrl\":\"https:\/\/blancadelatorre.com\/wp-content\/uploads\/2019\/12\/Magician-Inside-Land-Camisetas_Logo-ojo-5-B_mockup_Front_Flat_Black.png\",\"width\":1000,\"height\":1000},{\"@type\":\"BreadcrumbList\",\"@id\":\"https:\/\/blancadelatorre.com\/tienda\/magician-camiseta\/#breadcrumb\",\"itemListElement\":[{\"@type\":\"ListItem\",\"position\":1,\"name\":\"Portada\",\"item\":\"https:\/\/blancadelatorre.com\/\"},{\"@type\":\"ListItem\",\"position\":2,\"name\":\"Tienda\",\"item\":\"https:\/\/blancadelatorre.com\/?page_id=592\"},{\"@type\":\"ListItem\",\"position\":3,\"name\":\"Magician &#8211; Camiseta\"}]},{\"@type\":\"WebSite\",\"@id\":\"https:\/\/blancadelatorre.com\/#website\",\"url\":\"https:\/\/blancadelatorre.com\/\",\"name\":\"Blanca de la Torre\",\"description\":\"Artista visual: Pintura, ilustraci\u00f3n &amp; street art.\",\"publisher\":{\"@id\":\"https:\/\/blancadelatorre.com\/#\/schema\/person\/0566882b85a416c14a46137dc4c21573\"},\"potentialAction\":[{\"@type\":\"SearchAction\",\"target\":{\"@type\":\"EntryPoint\",\"urlTemplate\":\"https:\/\/blancadelatorre.com\/?s={search_term_string}\"},\"query-input\":{\"@type\":\"PropertyValueSpecification\",\"valueRequired\":true,\"valueName\":\"search_term_string\"}}],\"inLanguage\":\"en-GB\"},{\"@type\":[\"Person\",\"Organization\"],\"@id\":\"https:\/\/blancadelatorre.com\/#\/schema\/person\/0566882b85a416c14a46137dc4c21573\",\"name\":\"Blanca de la Torre\",\"logo\":{\"@id\":\"https:\/\/blancadelatorre.com\/#\/schema\/person\/image\/\"}}]}<\/script>\n<!-- \/ Yoast SEO plugin. -->","yoast_head_json":{"title":"Magician - Camiseta - Blanca de la Torre","robots":{"index":"index","follow":"follow","max-snippet":"max-snippet:-1","max-image-preview":"max-image-preview:large","max-video-preview":"max-video-preview:-1"},"canonical":"https:\/\/blancadelatorre.com\/english\/tienda\/magician-camiseta\/","og_locale":"en_GB","og_type":"article","og_title":"Magician - Camiseta - Blanca de la Torre","og_description":"&nbsp; Caracter\u00edsticas: - Unisex. - Impresi\u00f3n de alta durabilidad y muy detallista. - La tela es 100% algod\u00f3n, de tacto suave y gran calidad. - Pespunte doble en el cuello y las mangas, que le a\u00f1ade mayor consistencia. - Tapacosturas reforzado en hombros y cuello. - Ya est\u00e1 preencogida, as\u00ed que puedes lavarla con normalidad [&hellip;]","og_url":"https:\/\/blancadelatorre.com\/english\/tienda\/magician-camiseta\/","og_site_name":"Blanca de la Torre","article_modified_time":"2021-02-04T18:07:00+00:00","og_image":[{"width":1000,"height":1000,"url":"https:\/\/blancadelatorre.com\/wp-content\/uploads\/2019\/12\/Magician-Inside-Land-Camisetas_Logo-ojo-5-B_mockup_Front_Flat_Black.png","type":"image\/png"}],"twitter_card":"summary_large_image","twitter_site":"@delaTorreArt","twitter_misc":{"Estimated reading time":"2 minutes"},"schema":{"@context":"https:\/\/schema.org","@graph":[{"@type":"WebPage","@id":"https:\/\/blancadelatorre.com\/tienda\/magician-camiseta\/","url":"https:\/\/blancadelatorre.com\/tienda\/magician-camiseta\/","name":"Magician - Camiseta - Blanca de la Torre","isPartOf":{"@id":"https:\/\/blancadelatorre.com\/#website"},"primaryImageOfPage":{"@id":"https:\/\/blancadelatorre.com\/tienda\/magician-camiseta\/#primaryimage"},"image":{"@id":"https:\/\/blancadelatorre.com\/tienda\/magician-camiseta\/#primaryimage"},"thumbnailUrl":"https:\/\/blancadelatorre.com\/wp-content\/uploads\/2019\/12\/Magician-Inside-Land-Camisetas_Logo-ojo-5-B_mockup_Front_Flat_Black.png","datePublished":"2019-12-03T11:33:23+00:00","dateModified":"2021-02-04T18:07:00+00:00","breadcrumb":{"@id":"https:\/\/blancadelatorre.com\/tienda\/magician-camiseta\/#breadcrumb"},"inLanguage":"en-GB","potentialAction":[{"@type":"ReadAction","target":["https:\/\/blancadelatorre.com\/tienda\/magician-camiseta\/"]}]},{"@type":"ImageObject","inLanguage":"en-GB","@id":"https:\/\/blancadelatorre.com\/tienda\/magician-camiseta\/#primaryimage","url":"https:\/\/blancadelatorre.com\/wp-content\/uploads\/2019\/12\/Magician-Inside-Land-Camisetas_Logo-ojo-5-B_mockup_Front_Flat_Black.png","contentUrl":"https:\/\/blancadelatorre.com\/wp-content\/uploads\/2019\/12\/Magician-Inside-Land-Camisetas_Logo-ojo-5-B_mockup_Front_Flat_Black.png","width":1000,"height":1000},{"@type":"BreadcrumbList","@id":"https:\/\/blancadelatorre.com\/tienda\/magician-camiseta\/#breadcrumb","itemListElement":[{"@type":"ListItem","position":1,"name":"Portada","item":"https:\/\/blancadelatorre.com\/"},{"@type":"ListItem","position":2,"name":"Tienda","item":"https:\/\/blancadelatorre.com\/?page_id=592"},{"@type":"ListItem","position":3,"name":"Magician &#8211; Camiseta"}]},{"@type":"WebSite","@id":"https:\/\/blancadelatorre.com\/#website","url":"https:\/\/blancadelatorre.com\/","name":"Blanca de la Torre","description":"Artista visual: Pintura, ilustraci\u00f3n &amp; street art.","publisher":{"@id":"https:\/\/blancadelatorre.com\/#\/schema\/person\/0566882b85a416c14a46137dc4c21573"},"potentialAction":[{"@type":"SearchAction","target":{"@type":"EntryPoint","urlTemplate":"https:\/\/blancadelatorre.com\/?s={search_term_string}"},"query-input":{"@type":"PropertyValueSpecification","valueRequired":true,"valueName":"search_term_string"}}],"inLanguage":"en-GB"},{"@type":["Person","Organization"],"@id":"https:\/\/blancadelatorre.com\/#\/schema\/person\/0566882b85a416c14a46137dc4c21573","name":"Blanca de la Torre","logo":{"@id":"https:\/\/blancadelatorre.com\/#\/schema\/person\/image\/"}}]}},"_links":{"self":[{"href":"https:\/\/blancadelatorre.com\/english\/wp-json\/wp\/v2\/product\/7588","targetHints":{"allow":["GET"]}}],"collection":[{"href":"https:\/\/blancadelatorre.com\/english\/wp-json\/wp\/v2\/product"}],"about":[{"href":"https:\/\/blancadelatorre.com\/english\/wp-json\/wp\/v2\/types\/product"}],"wp:featuredmedia":[{"embeddable":true,"href":"https:\/\/blancadelatorre.com\/english\/wp-json\/wp\/v2\/media\/8727"}],"wp:attachment":[{"href":"https:\/\/blancadelatorre.com\/english\/wp-json\/wp\/v2\/media?parent=7588"}],"wp:term":[{"taxonomy":"product_brand","embeddable":true,"href":"https:\/\/blancadelatorre.com\/english\/wp-json\/wp\/v2\/product_brand?post=7588"},{"taxonomy":"product_cat","embeddable":true,"href":"https:\/\/blancadelatorre.com\/english\/wp-json\/wp\/v2\/product_cat?post=7588"},{"taxonomy":"product_tag","embeddable":true,"href":"https:\/\/blancadelatorre.com\/english\/wp-json\/wp\/v2\/product_tag?post=7588"}],"curies":[{"name":"wp","href":"https:\/\/api.w.org\/{rel}","templated":true}]}}