{"id":7684,"date":"2019-12-03T11:54:49","date_gmt":"2019-12-03T11:54:49","guid":{"rendered":"https:\/\/blancadelatorre.com\/tienda\/rama-noche-camiseta-de-manga-corta-unisex\/"},"modified":"2021-01-31T01:55:08","modified_gmt":"2021-01-31T01:55:08","slug":"noche-rama-camiseta","status":"publish","type":"product","link":"https:\/\/blancadelatorre.com\/english\/tienda\/noche-rama-camiseta\/","title":{"rendered":"Noche &#038; Rama &#8211; Camiseta"},"content":{"rendered":"<div style=\"width: 1080px;\" class=\"wp-video\"><video class=\"wp-video-shortcode\" id=\"video-7684-1\" width=\"1080\" height=\"608\" loop autoplay preload=\"metadata\" controls=\"controls\"><source type=\"video\/mp4\" src=\"https:\/\/blancadelatorre.com\/wp-content\/uploads\/2019\/12\/Rama-y-Noche-Camiseta-Video.mp4?_=1\" \/><a href=\"https:\/\/blancadelatorre.com\/wp-content\/uploads\/2019\/12\/Rama-y-Noche-Camiseta-Video.mp4\">https:\/\/blancadelatorre.com\/wp-content\/uploads\/2019\/12\/Rama-y-Noche-Camiseta-Video.mp4<\/a><\/video><\/div>\n<p>&nbsp;<\/p>\n<p><strong>Caracter\u00edsticas:<\/strong><\/p>\n<p><span style=\"font-weight: 400;\">&#8211; Unisex.<\/span><\/p>\n<p><span style=\"font-weight: 400;\">&#8211; Impresi\u00f3n de alta durabilidad y muy detallista.<\/span><\/p>\n<p><span style=\"font-weight: 400;\">&#8211; La tela es 100% algod\u00f3n, de tacto suave y gran calidad.<\/span><\/p>\n<p><span style=\"font-weight: 400;\">&#8211; Pespunte doble en el cuello y las mangas, que le a\u00f1ade mayor consistencia.<\/span><\/p>\n<p><span style=\"font-weight: 400;\">&#8211; Tapacosturas reforzado en hombros y cuello.<\/span><\/p>\n<p><span style=\"font-weight: 400;\">&#8211; Ya est\u00e1 preencogida, as\u00ed que puedes lavarla con normalidad desde el primer d\u00eda.<\/span><\/p>\n<p><span style=\"font-weight: 400;\">\u00a0<\/span><\/p>\n<p>&nbsp;<\/p>\n<p><strong>Significado de la obra:<\/strong><\/p>\n<p><span style=\"font-weight: 400;\">T\u00edtulo: <\/span><span style=\"font-weight: 400;\">Rama &amp; Noche.<\/span><\/p>\n<p>&nbsp;<\/p>\n<p><span style=\"font-weight: 400;\">Significado:<\/span><\/p>\n<p>El conejo es un arquetipo complejo, que tiene muchos significados y una gran preponderancia<br \/>\ndentro de las diferentes mitolog\u00edas y culturas. Algunos de los elementos vinculados a este<br \/>\nanimal son la feminidad, la familia, la abundancia, la luna y lo terrenal.<\/p>\n<p>En este caso el conejo no est\u00e1 en contacto con el suelo, sino en una rama de un \u00e1rbol, El \u00e1rbol<br \/>\nse relaciona a nivel simb\u00f3lico con el crecimiento personal y con el ciclo de la vida.<\/p>\n<p>En la escena podemos observar a un conejo fuera de su elemento, lejos de la tierra y de su<br \/>\nmadriguera, simbolizando a una sociedad en la que se ha dejado de lado totalmente la parte<br \/>\nde la integraci\u00f3n familiar con lo laboral.<\/p>\n<p>El conejo intenta adaptarse, asciende en la noche hac\u00eda la luna, hac\u00eda lo femenino, pero sigue sin<br \/>\nrecibir la importancia que merece. El respeto hac\u00eda la crianza y la maternidad\/paternidad a\u00fan es<br \/>\nuna asignatura pendiente, que sigue descansando en una rama, trepando en busca del lugar que<br \/>\nle corresponde.<\/p>\n<p>&nbsp;<\/p>\n<p>&nbsp;<\/p>\n<p><span style=\"font-weight: 400;\">With each acquisition you help me continue creating art independently.<\/span><\/p>\n<p><span style=\"font-weight: 400;\">\u00a1As\u00ed que much\u00edsimas gracias por apoyar mi trabajo!<\/span><\/p>\n<p>&nbsp;<\/p>\n<p>&nbsp;<\/p>\n<p><strong>Medidas:<\/strong><\/p>\n<p>&nbsp;<\/p>\n<table cellpadding=\"5\">\n<tbody>\n<tr>\n<td><\/td>\n<td><strong>S<\/strong><\/td>\n<td><strong>M<\/strong><\/td>\n<td><strong>L<\/strong><\/td>\n<td><strong>XL<\/strong><\/td>\n<\/tr>\n<tr>\n<td><strong>Longitud (cm)<\/strong><\/td>\n<td>71<\/td>\n<td>74<\/td>\n<td>77<\/td>\n<td>79<\/td>\n<\/tr>\n<tr>\n<td><strong>Anchura (cm)<\/strong><\/td>\n<td>46<\/td>\n<td>51<\/td>\n<td>56<\/td>\n<td>61<\/td>\n<\/tr>\n<\/tbody>\n<\/table>\n<p>&nbsp;<\/p>","protected":false},"excerpt":{"rendered":"<p>&nbsp; Caracter\u00edsticas: &#8211; Unisex. &#8211; Impresi\u00f3n de alta durabilidad y muy detallista. &#8211; La tela es 100% algod\u00f3n, de tacto suave y gran calidad. &#8211; Pespunte doble en el cuello y las mangas, que le a\u00f1ade mayor consistencia. &#8211; Tapacosturas reforzado en hombros y cuello. &#8211; Ya est\u00e1 preencogida, as\u00ed que puedes lavarla con normalidad [&hellip;]<\/p>\n","protected":false},"featured_media":7692,"template":"","meta":{"_et_pb_use_builder":"","_et_pb_old_content":"","_et_gb_content_width":""},"product_brand":[],"product_cat":[75,83],"product_tag":[],"class_list":{"0":"post-7684","1":"product","2":"type-product","3":"status-publish","4":"has-post-thumbnail","6":"product_cat-camisetas","7":"product_cat-moda","9":"first","10":"instock","11":"taxable","12":"shipping-taxable","13":"purchasable","14":"product-type-variable","15":"has-default-attributes"},"yoast_head":"<!-- This site is optimized with the Yoast SEO plugin v27.2 - https:\/\/yoast.com\/product\/yoast-seo-wordpress\/ -->\n<title>Noche &amp; Rama - Camiseta - Blanca de la Torre<\/title>\n<meta name=\"robots\" content=\"index, follow, max-snippet:-1, max-image-preview:large, max-video-preview:-1\" \/>\n<link rel=\"canonical\" href=\"https:\/\/blancadelatorre.com\/english\/tienda\/noche-rama-camiseta\/\" \/>\n<meta property=\"og:locale\" content=\"en_GB\" \/>\n<meta property=\"og:type\" content=\"article\" \/>\n<meta property=\"og:title\" content=\"Noche &amp; Rama - Camiseta - Blanca de la Torre\" \/>\n<meta property=\"og:description\" content=\"&nbsp; Caracter\u00edsticas: &#8211; Unisex. &#8211; Impresi\u00f3n de alta durabilidad y muy detallista. &#8211; La tela es 100% algod\u00f3n, de tacto suave y gran calidad. &#8211; Pespunte doble en el cuello y las mangas, que le a\u00f1ade mayor consistencia. &#8211; Tapacosturas reforzado en hombros y cuello. &#8211; Ya est\u00e1 preencogida, as\u00ed que puedes lavarla con normalidad [&hellip;]\" \/>\n<meta property=\"og:url\" content=\"https:\/\/blancadelatorre.com\/english\/tienda\/noche-rama-camiseta\/\" \/>\n<meta property=\"og:site_name\" content=\"Blanca de la Torre\" \/>\n<meta property=\"article:modified_time\" content=\"2021-01-31T01:55:08+00:00\" \/>\n<meta property=\"og:image\" content=\"https:\/\/blancadelatorre.com\/wp-content\/uploads\/2019\/12\/mockup-1c82575f.png\" \/>\n\t<meta property=\"og:image:width\" content=\"1000\" \/>\n\t<meta property=\"og:image:height\" content=\"1000\" \/>\n\t<meta property=\"og:image:type\" content=\"image\/png\" \/>\n<meta name=\"twitter:card\" content=\"summary_large_image\" \/>\n<meta name=\"twitter:site\" content=\"@delaTorreArt\" \/>\n<meta name=\"twitter:label1\" content=\"Estimated reading time\" \/>\n\t<meta name=\"twitter:data1\" content=\"2 minutes\" \/>\n<script type=\"application\/ld+json\" class=\"yoast-schema-graph\">{\"@context\":\"https:\/\/schema.org\",\"@graph\":[{\"@type\":\"WebPage\",\"@id\":\"https:\/\/blancadelatorre.com\/tienda\/noche-rama-camiseta\/\",\"url\":\"https:\/\/blancadelatorre.com\/tienda\/noche-rama-camiseta\/\",\"name\":\"Noche & Rama - Camiseta - Blanca de la Torre\",\"isPartOf\":{\"@id\":\"https:\/\/blancadelatorre.com\/#website\"},\"primaryImageOfPage\":{\"@id\":\"https:\/\/blancadelatorre.com\/tienda\/noche-rama-camiseta\/#primaryimage\"},\"image\":{\"@id\":\"https:\/\/blancadelatorre.com\/tienda\/noche-rama-camiseta\/#primaryimage\"},\"thumbnailUrl\":\"https:\/\/blancadelatorre.com\/wp-content\/uploads\/2019\/12\/mockup-1c82575f.png\",\"datePublished\":\"2019-12-03T11:54:49+00:00\",\"dateModified\":\"2021-01-31T01:55:08+00:00\",\"breadcrumb\":{\"@id\":\"https:\/\/blancadelatorre.com\/tienda\/noche-rama-camiseta\/#breadcrumb\"},\"inLanguage\":\"en-GB\",\"potentialAction\":[{\"@type\":\"ReadAction\",\"target\":[\"https:\/\/blancadelatorre.com\/tienda\/noche-rama-camiseta\/\"]}]},{\"@type\":\"ImageObject\",\"inLanguage\":\"en-GB\",\"@id\":\"https:\/\/blancadelatorre.com\/tienda\/noche-rama-camiseta\/#primaryimage\",\"url\":\"https:\/\/blancadelatorre.com\/wp-content\/uploads\/2019\/12\/mockup-1c82575f.png\",\"contentUrl\":\"https:\/\/blancadelatorre.com\/wp-content\/uploads\/2019\/12\/mockup-1c82575f.png\",\"width\":1000,\"height\":1000},{\"@type\":\"BreadcrumbList\",\"@id\":\"https:\/\/blancadelatorre.com\/tienda\/noche-rama-camiseta\/#breadcrumb\",\"itemListElement\":[{\"@type\":\"ListItem\",\"position\":1,\"name\":\"Portada\",\"item\":\"https:\/\/blancadelatorre.com\/\"},{\"@type\":\"ListItem\",\"position\":2,\"name\":\"Tienda\",\"item\":\"https:\/\/blancadelatorre.com\/?page_id=592\"},{\"@type\":\"ListItem\",\"position\":3,\"name\":\"Noche &#038; Rama &#8211; Camiseta\"}]},{\"@type\":\"WebSite\",\"@id\":\"https:\/\/blancadelatorre.com\/#website\",\"url\":\"https:\/\/blancadelatorre.com\/\",\"name\":\"Blanca de la Torre\",\"description\":\"Artista visual: Pintura, ilustraci\u00f3n &amp; street art.\",\"publisher\":{\"@id\":\"https:\/\/blancadelatorre.com\/#\/schema\/person\/0566882b85a416c14a46137dc4c21573\"},\"potentialAction\":[{\"@type\":\"SearchAction\",\"target\":{\"@type\":\"EntryPoint\",\"urlTemplate\":\"https:\/\/blancadelatorre.com\/?s={search_term_string}\"},\"query-input\":{\"@type\":\"PropertyValueSpecification\",\"valueRequired\":true,\"valueName\":\"search_term_string\"}}],\"inLanguage\":\"en-GB\"},{\"@type\":[\"Person\",\"Organization\"],\"@id\":\"https:\/\/blancadelatorre.com\/#\/schema\/person\/0566882b85a416c14a46137dc4c21573\",\"name\":\"Blanca de la Torre\",\"logo\":{\"@id\":\"https:\/\/blancadelatorre.com\/#\/schema\/person\/image\/\"}}]}<\/script>\n<!-- \/ Yoast SEO plugin. -->","yoast_head_json":{"title":"Noche & Rama - Camiseta - Blanca de la Torre","robots":{"index":"index","follow":"follow","max-snippet":"max-snippet:-1","max-image-preview":"max-image-preview:large","max-video-preview":"max-video-preview:-1"},"canonical":"https:\/\/blancadelatorre.com\/english\/tienda\/noche-rama-camiseta\/","og_locale":"en_GB","og_type":"article","og_title":"Noche & Rama - Camiseta - Blanca de la Torre","og_description":"&nbsp; Caracter\u00edsticas: &#8211; Unisex. &#8211; Impresi\u00f3n de alta durabilidad y muy detallista. &#8211; La tela es 100% algod\u00f3n, de tacto suave y gran calidad. &#8211; Pespunte doble en el cuello y las mangas, que le a\u00f1ade mayor consistencia. &#8211; Tapacosturas reforzado en hombros y cuello. &#8211; Ya est\u00e1 preencogida, as\u00ed que puedes lavarla con normalidad [&hellip;]","og_url":"https:\/\/blancadelatorre.com\/english\/tienda\/noche-rama-camiseta\/","og_site_name":"Blanca de la Torre","article_modified_time":"2021-01-31T01:55:08+00:00","og_image":[{"width":1000,"height":1000,"url":"https:\/\/blancadelatorre.com\/wp-content\/uploads\/2019\/12\/mockup-1c82575f.png","type":"image\/png"}],"twitter_card":"summary_large_image","twitter_site":"@delaTorreArt","twitter_misc":{"Estimated reading time":"2 minutes"},"schema":{"@context":"https:\/\/schema.org","@graph":[{"@type":"WebPage","@id":"https:\/\/blancadelatorre.com\/tienda\/noche-rama-camiseta\/","url":"https:\/\/blancadelatorre.com\/tienda\/noche-rama-camiseta\/","name":"Noche & Rama - Camiseta - Blanca de la Torre","isPartOf":{"@id":"https:\/\/blancadelatorre.com\/#website"},"primaryImageOfPage":{"@id":"https:\/\/blancadelatorre.com\/tienda\/noche-rama-camiseta\/#primaryimage"},"image":{"@id":"https:\/\/blancadelatorre.com\/tienda\/noche-rama-camiseta\/#primaryimage"},"thumbnailUrl":"https:\/\/blancadelatorre.com\/wp-content\/uploads\/2019\/12\/mockup-1c82575f.png","datePublished":"2019-12-03T11:54:49+00:00","dateModified":"2021-01-31T01:55:08+00:00","breadcrumb":{"@id":"https:\/\/blancadelatorre.com\/tienda\/noche-rama-camiseta\/#breadcrumb"},"inLanguage":"en-GB","potentialAction":[{"@type":"ReadAction","target":["https:\/\/blancadelatorre.com\/tienda\/noche-rama-camiseta\/"]}]},{"@type":"ImageObject","inLanguage":"en-GB","@id":"https:\/\/blancadelatorre.com\/tienda\/noche-rama-camiseta\/#primaryimage","url":"https:\/\/blancadelatorre.com\/wp-content\/uploads\/2019\/12\/mockup-1c82575f.png","contentUrl":"https:\/\/blancadelatorre.com\/wp-content\/uploads\/2019\/12\/mockup-1c82575f.png","width":1000,"height":1000},{"@type":"BreadcrumbList","@id":"https:\/\/blancadelatorre.com\/tienda\/noche-rama-camiseta\/#breadcrumb","itemListElement":[{"@type":"ListItem","position":1,"name":"Portada","item":"https:\/\/blancadelatorre.com\/"},{"@type":"ListItem","position":2,"name":"Tienda","item":"https:\/\/blancadelatorre.com\/?page_id=592"},{"@type":"ListItem","position":3,"name":"Noche &#038; Rama &#8211; Camiseta"}]},{"@type":"WebSite","@id":"https:\/\/blancadelatorre.com\/#website","url":"https:\/\/blancadelatorre.com\/","name":"Blanca de la Torre","description":"Artista visual: Pintura, ilustraci\u00f3n &amp; street art.","publisher":{"@id":"https:\/\/blancadelatorre.com\/#\/schema\/person\/0566882b85a416c14a46137dc4c21573"},"potentialAction":[{"@type":"SearchAction","target":{"@type":"EntryPoint","urlTemplate":"https:\/\/blancadelatorre.com\/?s={search_term_string}"},"query-input":{"@type":"PropertyValueSpecification","valueRequired":true,"valueName":"search_term_string"}}],"inLanguage":"en-GB"},{"@type":["Person","Organization"],"@id":"https:\/\/blancadelatorre.com\/#\/schema\/person\/0566882b85a416c14a46137dc4c21573","name":"Blanca de la Torre","logo":{"@id":"https:\/\/blancadelatorre.com\/#\/schema\/person\/image\/"}}]}},"_links":{"self":[{"href":"https:\/\/blancadelatorre.com\/english\/wp-json\/wp\/v2\/product\/7684","targetHints":{"allow":["GET"]}}],"collection":[{"href":"https:\/\/blancadelatorre.com\/english\/wp-json\/wp\/v2\/product"}],"about":[{"href":"https:\/\/blancadelatorre.com\/english\/wp-json\/wp\/v2\/types\/product"}],"wp:featuredmedia":[{"embeddable":true,"href":"https:\/\/blancadelatorre.com\/english\/wp-json\/wp\/v2\/media\/7692"}],"wp:attachment":[{"href":"https:\/\/blancadelatorre.com\/english\/wp-json\/wp\/v2\/media?parent=7684"}],"wp:term":[{"taxonomy":"product_brand","embeddable":true,"href":"https:\/\/blancadelatorre.com\/english\/wp-json\/wp\/v2\/product_brand?post=7684"},{"taxonomy":"product_cat","embeddable":true,"href":"https:\/\/blancadelatorre.com\/english\/wp-json\/wp\/v2\/product_cat?post=7684"},{"taxonomy":"product_tag","embeddable":true,"href":"https:\/\/blancadelatorre.com\/english\/wp-json\/wp\/v2\/product_tag?post=7684"}],"curies":[{"name":"wp","href":"https:\/\/api.w.org\/{rel}","templated":true}]}}