{"id":8398,"date":"2020-06-08T15:56:12","date_gmt":"2020-06-08T15:56:12","guid":{"rendered":"https:\/\/blancadelatorre.com\/tienda\/psicopompo-camiseta\/"},"modified":"2021-03-18T16:18:43","modified_gmt":"2021-03-18T16:18:43","slug":"psicopompo-camiseta","status":"publish","type":"product","link":"https:\/\/blancadelatorre.com\/english\/tienda\/psicopompo-camiseta\/","title":{"rendered":"Psicopompo &#8211; Camiseta"},"content":{"rendered":"<p>&nbsp;<\/p>\n<p><strong>Caracter\u00edsticas:<\/strong><\/p>\n<p><span style=\"font-weight: 400;\">&#8211; Unisex.<\/span><\/p>\n<p><span style=\"font-weight: 400;\">&#8211; Impresi\u00f3n de alta durabilidad y muy detallista.<\/span><\/p>\n<p><span style=\"font-weight: 400;\">&#8211; La tela es 100% algod\u00f3n, de tacto suave y gran calidad.<\/span><\/p>\n<p><span style=\"font-weight: 400;\">&#8211; Pespunte doble en el cuello y las mangas, que le a\u00f1ade mayor consistencia.<\/span><\/p>\n<p><span style=\"font-weight: 400;\">&#8211; Tapacosturas reforzado en hombros y cuello.<\/span><\/p>\n<p><span style=\"font-weight: 400;\">&#8211; Ya est\u00e1 preencogida, as\u00ed que puedes lavarla con normalidad desde el primer d\u00eda.<\/span><\/p>\n<p><span style=\"font-weight: 400;\">\u00a0<\/span><\/p>\n<p>&nbsp;<\/p>\n<p><strong>Significado de la obra:<\/strong><\/p>\n<p><span style=\"font-weight: 400;\">T\u00edtulo: Psicopompo<\/span><\/p>\n<p>&nbsp;<\/p>\n<p><span style=\"font-weight: 400;\">Significado:<\/span><\/p>\n<p>Un psicopompo es un enlazador de mundos, un ser que aparece constantemente en las historias,<br \/>\ncuentos y mitolog\u00edas de todas las culturas bajo diferentes formas. Su funci\u00f3n es llevar a los<br \/>\ndifuntos hac\u00eda el otro lado, guiando a las almas a su destino.<\/p>\n<p>Su significado proviene del griego \u03c8\u03c5\u03c7\u03bf\u03c0\u03bf\u03bc\u03c0\u00f3\u03c2 y se compone de psyche, &#8216;alma&#8217;, y pomp\u00f3s, &#8216;el que<br \/>\ngu\u00eda o conduce&#8217;.<\/p>\n<p>Una de las formas m\u00e1s comunes de representar este arquetipo, entre muchas otras, son los c\u00e1nidos:<br \/>\nperros, lobos, zorros, coyotes, chacales&#8230;<\/p>\n<p>Un ejemplo fascinante de este tipo de ser es el perro xoloitzcuintle, que seg\u00fan la mitolog\u00eda azteca fue<br \/>\nentregado por el dios X\u00f3lotl (dios del ocaso, de la estrella de la tarde, de los esp\u00edritus y del inframundo)<br \/>\npara que guiara a las almas por el Mictl\u00e1n, el inframundo de la cosmolog\u00eda Mexica.<\/p>\n<p>El xoloitzcuintle acompa\u00f1aba al difunto en la primera etapa del viaje, que en total pod\u00eda durar hasta<br \/>\n4 a\u00f1os, a trav\u00e9s del r\u00edo Chiconahuap\u00e1n, pero para que el xoloitzcuintle accediera a llevar a los difuntos<br \/>\nten\u00edan que cumplir un requisito, que durante su vida nunca hubiesen maltratado a ninguno de estos<br \/>\nanimales.<\/p>\n<p>&nbsp;<\/p>\n<p>&nbsp;<\/p>\n<p><span style=\"font-weight: 400;\">With each acquisition you help me continue creating art independently.<\/span><\/p>\n<p><span style=\"font-weight: 400;\">\u00a1As\u00ed que much\u00edsimas gracias por apoyar mi trabajo!<\/span><\/p>\n<p>&nbsp;<\/p>\n<p>&nbsp;<\/p>\n<p><strong>Medidas:<\/strong><\/p>\n<table cellpadding=\"5\">\n<tbody>\n<tr>\n<td><\/td>\n<td><strong>S<\/strong><\/td>\n<td><strong>M<\/strong><\/td>\n<td><strong>L<\/strong><\/td>\n<td><strong>XL<\/strong><\/td>\n<\/tr>\n<tr>\n<td><strong>Longitud (cm)<\/strong><\/td>\n<td>71<\/td>\n<td>74<\/td>\n<td>77<\/td>\n<td>79<\/td>\n<\/tr>\n<tr>\n<td><strong>Anchura (cm)<\/strong><\/td>\n<td>46<\/td>\n<td>51<\/td>\n<td>56<\/td>\n<td>61<\/td>\n<\/tr>\n<\/tbody>\n<\/table>\n<p>&nbsp;<\/p>","protected":false},"excerpt":{"rendered":"<p>&nbsp; Caracter\u00edsticas: &#8211; Unisex. &#8211; Impresi\u00f3n de alta durabilidad y muy detallista. &#8211; La tela es 100% algod\u00f3n, de tacto suave y gran calidad. &#8211; Pespunte doble en el cuello y las mangas, que le a\u00f1ade mayor consistencia. &#8211; Tapacosturas reforzado en hombros y cuello. &#8211; Ya est\u00e1 preencogida, as\u00ed que puedes lavarla con normalidad [&hellip;]<\/p>\n","protected":false},"featured_media":9403,"template":"","meta":{"_et_pb_use_builder":"","_et_pb_old_content":"","_et_gb_content_width":""},"product_brand":[],"product_cat":[75,83],"product_tag":[],"class_list":{"0":"post-8398","1":"product","2":"type-product","3":"status-publish","4":"has-post-thumbnail","6":"product_cat-camisetas","7":"product_cat-moda","9":"first","10":"instock","11":"taxable","12":"shipping-taxable","13":"purchasable","14":"product-type-variable","15":"has-default-attributes"},"yoast_head":"<!-- This site is optimized with the Yoast SEO plugin v27.2 - https:\/\/yoast.com\/product\/yoast-seo-wordpress\/ -->\n<title>Psicopompo - Camiseta - Blanca de la Torre<\/title>\n<meta name=\"robots\" content=\"index, follow, max-snippet:-1, max-image-preview:large, max-video-preview:-1\" \/>\n<link rel=\"canonical\" href=\"https:\/\/blancadelatorre.com\/english\/tienda\/psicopompo-camiseta\/\" \/>\n<meta property=\"og:locale\" content=\"en_GB\" \/>\n<meta property=\"og:type\" content=\"article\" \/>\n<meta property=\"og:title\" content=\"Psicopompo - Camiseta - Blanca de la Torre\" \/>\n<meta property=\"og:description\" content=\"&nbsp; Caracter\u00edsticas: &#8211; Unisex. &#8211; Impresi\u00f3n de alta durabilidad y muy detallista. &#8211; La tela es 100% algod\u00f3n, de tacto suave y gran calidad. &#8211; Pespunte doble en el cuello y las mangas, que le a\u00f1ade mayor consistencia. &#8211; Tapacosturas reforzado en hombros y cuello. &#8211; Ya est\u00e1 preencogida, as\u00ed que puedes lavarla con normalidad [&hellip;]\" \/>\n<meta property=\"og:url\" content=\"https:\/\/blancadelatorre.com\/english\/tienda\/psicopompo-camiseta\/\" \/>\n<meta property=\"og:site_name\" content=\"Blanca de la Torre\" \/>\n<meta property=\"article:modified_time\" content=\"2021-03-18T16:18:43+00:00\" \/>\n<meta property=\"og:image\" content=\"https:\/\/blancadelatorre.com\/wp-content\/uploads\/2020\/11\/mockup-e66a6898.jpg\" \/>\n\t<meta property=\"og:image:width\" content=\"1000\" \/>\n\t<meta property=\"og:image:height\" content=\"1000\" \/>\n\t<meta property=\"og:image:type\" content=\"image\/jpeg\" \/>\n<meta name=\"twitter:card\" content=\"summary_large_image\" \/>\n<meta name=\"twitter:site\" content=\"@delaTorreArt\" \/>\n<meta name=\"twitter:label1\" content=\"Estimated reading time\" \/>\n\t<meta name=\"twitter:data1\" content=\"2 minutes\" \/>\n<script type=\"application\/ld+json\" class=\"yoast-schema-graph\">{\"@context\":\"https:\/\/schema.org\",\"@graph\":[{\"@type\":\"WebPage\",\"@id\":\"https:\/\/blancadelatorre.com\/tienda\/psicopompo-camiseta\/\",\"url\":\"https:\/\/blancadelatorre.com\/tienda\/psicopompo-camiseta\/\",\"name\":\"Psicopompo - Camiseta - Blanca de la Torre\",\"isPartOf\":{\"@id\":\"https:\/\/blancadelatorre.com\/#website\"},\"primaryImageOfPage\":{\"@id\":\"https:\/\/blancadelatorre.com\/tienda\/psicopompo-camiseta\/#primaryimage\"},\"image\":{\"@id\":\"https:\/\/blancadelatorre.com\/tienda\/psicopompo-camiseta\/#primaryimage\"},\"thumbnailUrl\":\"https:\/\/blancadelatorre.com\/wp-content\/uploads\/2020\/11\/mockup-e66a6898.jpg\",\"datePublished\":\"2020-06-08T15:56:12+00:00\",\"dateModified\":\"2021-03-18T16:18:43+00:00\",\"breadcrumb\":{\"@id\":\"https:\/\/blancadelatorre.com\/tienda\/psicopompo-camiseta\/#breadcrumb\"},\"inLanguage\":\"en-GB\",\"potentialAction\":[{\"@type\":\"ReadAction\",\"target\":[\"https:\/\/blancadelatorre.com\/tienda\/psicopompo-camiseta\/\"]}]},{\"@type\":\"ImageObject\",\"inLanguage\":\"en-GB\",\"@id\":\"https:\/\/blancadelatorre.com\/tienda\/psicopompo-camiseta\/#primaryimage\",\"url\":\"https:\/\/blancadelatorre.com\/wp-content\/uploads\/2020\/11\/mockup-e66a6898.jpg\",\"contentUrl\":\"https:\/\/blancadelatorre.com\/wp-content\/uploads\/2020\/11\/mockup-e66a6898.jpg\",\"width\":1000,\"height\":1000},{\"@type\":\"BreadcrumbList\",\"@id\":\"https:\/\/blancadelatorre.com\/tienda\/psicopompo-camiseta\/#breadcrumb\",\"itemListElement\":[{\"@type\":\"ListItem\",\"position\":1,\"name\":\"Portada\",\"item\":\"https:\/\/blancadelatorre.com\/\"},{\"@type\":\"ListItem\",\"position\":2,\"name\":\"Tienda\",\"item\":\"https:\/\/blancadelatorre.com\/?page_id=592\"},{\"@type\":\"ListItem\",\"position\":3,\"name\":\"Psicopompo &#8211; Camiseta\"}]},{\"@type\":\"WebSite\",\"@id\":\"https:\/\/blancadelatorre.com\/#website\",\"url\":\"https:\/\/blancadelatorre.com\/\",\"name\":\"Blanca de la Torre\",\"description\":\"Artista visual: Pintura, ilustraci\u00f3n &amp; street art.\",\"publisher\":{\"@id\":\"https:\/\/blancadelatorre.com\/#\/schema\/person\/0566882b85a416c14a46137dc4c21573\"},\"potentialAction\":[{\"@type\":\"SearchAction\",\"target\":{\"@type\":\"EntryPoint\",\"urlTemplate\":\"https:\/\/blancadelatorre.com\/?s={search_term_string}\"},\"query-input\":{\"@type\":\"PropertyValueSpecification\",\"valueRequired\":true,\"valueName\":\"search_term_string\"}}],\"inLanguage\":\"en-GB\"},{\"@type\":[\"Person\",\"Organization\"],\"@id\":\"https:\/\/blancadelatorre.com\/#\/schema\/person\/0566882b85a416c14a46137dc4c21573\",\"name\":\"Blanca de la Torre\",\"logo\":{\"@id\":\"https:\/\/blancadelatorre.com\/#\/schema\/person\/image\/\"}}]}<\/script>\n<!-- \/ Yoast SEO plugin. -->","yoast_head_json":{"title":"Psicopompo - Camiseta - Blanca de la Torre","robots":{"index":"index","follow":"follow","max-snippet":"max-snippet:-1","max-image-preview":"max-image-preview:large","max-video-preview":"max-video-preview:-1"},"canonical":"https:\/\/blancadelatorre.com\/english\/tienda\/psicopompo-camiseta\/","og_locale":"en_GB","og_type":"article","og_title":"Psicopompo - Camiseta - Blanca de la Torre","og_description":"&nbsp; Caracter\u00edsticas: &#8211; Unisex. &#8211; Impresi\u00f3n de alta durabilidad y muy detallista. &#8211; La tela es 100% algod\u00f3n, de tacto suave y gran calidad. &#8211; Pespunte doble en el cuello y las mangas, que le a\u00f1ade mayor consistencia. &#8211; Tapacosturas reforzado en hombros y cuello. &#8211; Ya est\u00e1 preencogida, as\u00ed que puedes lavarla con normalidad [&hellip;]","og_url":"https:\/\/blancadelatorre.com\/english\/tienda\/psicopompo-camiseta\/","og_site_name":"Blanca de la Torre","article_modified_time":"2021-03-18T16:18:43+00:00","og_image":[{"width":1000,"height":1000,"url":"https:\/\/blancadelatorre.com\/wp-content\/uploads\/2020\/11\/mockup-e66a6898.jpg","type":"image\/jpeg"}],"twitter_card":"summary_large_image","twitter_site":"@delaTorreArt","twitter_misc":{"Estimated reading time":"2 minutes"},"schema":{"@context":"https:\/\/schema.org","@graph":[{"@type":"WebPage","@id":"https:\/\/blancadelatorre.com\/tienda\/psicopompo-camiseta\/","url":"https:\/\/blancadelatorre.com\/tienda\/psicopompo-camiseta\/","name":"Psicopompo - Camiseta - Blanca de la Torre","isPartOf":{"@id":"https:\/\/blancadelatorre.com\/#website"},"primaryImageOfPage":{"@id":"https:\/\/blancadelatorre.com\/tienda\/psicopompo-camiseta\/#primaryimage"},"image":{"@id":"https:\/\/blancadelatorre.com\/tienda\/psicopompo-camiseta\/#primaryimage"},"thumbnailUrl":"https:\/\/blancadelatorre.com\/wp-content\/uploads\/2020\/11\/mockup-e66a6898.jpg","datePublished":"2020-06-08T15:56:12+00:00","dateModified":"2021-03-18T16:18:43+00:00","breadcrumb":{"@id":"https:\/\/blancadelatorre.com\/tienda\/psicopompo-camiseta\/#breadcrumb"},"inLanguage":"en-GB","potentialAction":[{"@type":"ReadAction","target":["https:\/\/blancadelatorre.com\/tienda\/psicopompo-camiseta\/"]}]},{"@type":"ImageObject","inLanguage":"en-GB","@id":"https:\/\/blancadelatorre.com\/tienda\/psicopompo-camiseta\/#primaryimage","url":"https:\/\/blancadelatorre.com\/wp-content\/uploads\/2020\/11\/mockup-e66a6898.jpg","contentUrl":"https:\/\/blancadelatorre.com\/wp-content\/uploads\/2020\/11\/mockup-e66a6898.jpg","width":1000,"height":1000},{"@type":"BreadcrumbList","@id":"https:\/\/blancadelatorre.com\/tienda\/psicopompo-camiseta\/#breadcrumb","itemListElement":[{"@type":"ListItem","position":1,"name":"Portada","item":"https:\/\/blancadelatorre.com\/"},{"@type":"ListItem","position":2,"name":"Tienda","item":"https:\/\/blancadelatorre.com\/?page_id=592"},{"@type":"ListItem","position":3,"name":"Psicopompo &#8211; Camiseta"}]},{"@type":"WebSite","@id":"https:\/\/blancadelatorre.com\/#website","url":"https:\/\/blancadelatorre.com\/","name":"Blanca de la Torre","description":"Artista visual: Pintura, ilustraci\u00f3n &amp; street art.","publisher":{"@id":"https:\/\/blancadelatorre.com\/#\/schema\/person\/0566882b85a416c14a46137dc4c21573"},"potentialAction":[{"@type":"SearchAction","target":{"@type":"EntryPoint","urlTemplate":"https:\/\/blancadelatorre.com\/?s={search_term_string}"},"query-input":{"@type":"PropertyValueSpecification","valueRequired":true,"valueName":"search_term_string"}}],"inLanguage":"en-GB"},{"@type":["Person","Organization"],"@id":"https:\/\/blancadelatorre.com\/#\/schema\/person\/0566882b85a416c14a46137dc4c21573","name":"Blanca de la Torre","logo":{"@id":"https:\/\/blancadelatorre.com\/#\/schema\/person\/image\/"}}]}},"_links":{"self":[{"href":"https:\/\/blancadelatorre.com\/english\/wp-json\/wp\/v2\/product\/8398","targetHints":{"allow":["GET"]}}],"collection":[{"href":"https:\/\/blancadelatorre.com\/english\/wp-json\/wp\/v2\/product"}],"about":[{"href":"https:\/\/blancadelatorre.com\/english\/wp-json\/wp\/v2\/types\/product"}],"wp:featuredmedia":[{"embeddable":true,"href":"https:\/\/blancadelatorre.com\/english\/wp-json\/wp\/v2\/media\/9403"}],"wp:attachment":[{"href":"https:\/\/blancadelatorre.com\/english\/wp-json\/wp\/v2\/media?parent=8398"}],"wp:term":[{"taxonomy":"product_brand","embeddable":true,"href":"https:\/\/blancadelatorre.com\/english\/wp-json\/wp\/v2\/product_brand?post=8398"},{"taxonomy":"product_cat","embeddable":true,"href":"https:\/\/blancadelatorre.com\/english\/wp-json\/wp\/v2\/product_cat?post=8398"},{"taxonomy":"product_tag","embeddable":true,"href":"https:\/\/blancadelatorre.com\/english\/wp-json\/wp\/v2\/product_tag?post=8398"}],"curies":[{"name":"wp","href":"https:\/\/api.w.org\/{rel}","templated":true}]}}