{"id":9925,"date":"2021-03-10T14:43:20","date_gmt":"2021-03-10T14:43:20","guid":{"rendered":"https:\/\/blancadelatorre.com\/tienda\/camiseta-de-manga-corta-unisex\/"},"modified":"2024-01-16T18:25:21","modified_gmt":"2024-01-16T18:25:21","slug":"trinidad-camiseta","status":"publish","type":"product","link":"https:\/\/blancadelatorre.com\/english\/tienda\/trinidad-camiseta\/","title":{"rendered":"Trinidad &#8211; Camiseta"},"content":{"rendered":"<p>&nbsp;<\/p>\n<p><strong>Caracter\u00edsticas:<\/strong><\/p>\n<p>\u2013 Unisex.<\/p>\n<p>\u2013 Impresi\u00f3n de alta durabilidad y muy detallista.<\/p>\n<p>\u2013 La tela es 100% algod\u00f3n, de tacto suave y gran calidad.<\/p>\n<p>\u2013 Pespunte doble en el cuello y las mangas, que le a\u00f1ade mayor consistencia.<\/p>\n<p>\u2013 Tapacosturas reforzado en hombros y cuello.<\/p>\n<p>\u2013 Ya est\u00e1 preencogida, as\u00ed que puedes lavarla con normalidad desde el primer d\u00eda.<\/p>\n<p>&nbsp;<\/p>\n<p><strong>Sobre la obra:<\/strong><\/p>\n<p>T\u00edtulo: Trinidad<\/p>\n<p>&nbsp;<\/p>\n<p>Significado:<\/p>\n<p>Mi interpretaci\u00f3n de uno de los principales temas de conflicto del cristianismo a lo largo de la historia, la trinidad.<\/p>\n<p>El concepto de las tres fuerzas espirituales aparece en muchas tradiciones culturales, otro ejemplo de este simbolismo ser\u00eda la Trimurti del hinduismo, con sus deidades Brahma, Visn\u00fa y Shiva.<\/p>\n<p>Algo que suele suceder es que estas tr\u00edadas est\u00e1n representadas por tres fuerzas masculinas o neutras.<\/p>\n<p>Estamos en una \u00e9poca en la que se est\u00e1 integrando cada vez m\u00e1s la importancia de lo femenino y esto es algo que quer\u00eda mostrar incorporando en mi obra la representaci\u00f3n de la luna.<\/p>\n<p>El ojo representa a Dios, las tres estrellas fugaces a Cristo, a la derecha del padre (dibujar a Cristo tres veces es uno de los recursos principales en sus representaciones art\u00edsticas a lo largo la historia), las alas de paloma al esp\u00edritu santo, aceptado como un ser independiente o una fuerza de Dios dependiendo de la rama del cristianismo, por \u00faltimo estar\u00eda la luna, mi incorporaci\u00f3n femenina.<\/p>\n<p>El empoderamiento de lo femenino empez\u00f3 a emerger de forma t\u00edmida en el cristianismo con el reconocimiento de Mar\u00eda, pero a\u00fan se tiene que desarrollar m\u00e1s all\u00e1 del concepto madre y todav\u00eda no guarda la misma importancia que las principales figuras.<\/p>\n<p>Creo que se necesita un cambio, que represente el avance de la psique occidental al respecto.<\/p>\n<p>Mi imagen es, en cierta manera, un tres que es cuatro o un tres que est\u00e1 feminizando una de sus fuerzas principales, integrando lo femenino en la trinidad principal y d\u00e1ndole un puesto m\u00e1s preponderante a la mujer.<\/p>\n<p>Me gustar\u00eda aclarar que cuando hablo de estos conceptos, hablo de mi interpretaci\u00f3n del simbolismo en las diferente tradiciones culturales, no de mis ideas concretas o creencia espirituales.<\/p>\n<p>&nbsp;<\/p>\n<p>&nbsp;<\/p>\n<p>With each acquisition you help me continue creating art independently.<\/p>\n<p>\u00a1As\u00ed que much\u00edsimas gracias por apoyar mi trabajo!<\/p>","protected":false},"excerpt":{"rendered":"<p>&nbsp; Caracter\u00edsticas: \u2013 Unisex. \u2013 Impresi\u00f3n de alta durabilidad y muy detallista. \u2013 La tela es 100% algod\u00f3n, de tacto suave y gran calidad. \u2013 Pespunte doble en el cuello y las mangas, que le a\u00f1ade mayor consistencia. \u2013 Tapacosturas reforzado en hombros y cuello. \u2013 Ya est\u00e1 preencogida, as\u00ed que puedes lavarla con normalidad [&hellip;]<\/p>\n","protected":false},"featured_media":9932,"template":"","meta":{"_et_pb_use_builder":"","_et_pb_old_content":"","_et_gb_content_width":""},"product_brand":[],"product_cat":[75,83],"product_tag":[],"class_list":{"0":"post-9925","1":"product","2":"type-product","3":"status-publish","4":"has-post-thumbnail","6":"product_cat-camisetas","7":"product_cat-moda","9":"first","10":"instock","11":"taxable","12":"shipping-taxable","13":"purchasable","14":"product-type-variable"},"yoast_head":"<!-- This site is optimized with the Yoast SEO plugin v27.2 - https:\/\/yoast.com\/product\/yoast-seo-wordpress\/ -->\n<title>Trinidad - Camiseta - Blanca de la Torre<\/title>\n<meta name=\"robots\" content=\"index, follow, max-snippet:-1, max-image-preview:large, max-video-preview:-1\" \/>\n<link rel=\"canonical\" href=\"https:\/\/blancadelatorre.com\/english\/tienda\/trinidad-camiseta\/\" \/>\n<meta property=\"og:locale\" content=\"en_GB\" \/>\n<meta property=\"og:type\" content=\"article\" \/>\n<meta property=\"og:title\" content=\"Trinidad - Camiseta - Blanca de la Torre\" \/>\n<meta property=\"og:description\" content=\"&nbsp; Caracter\u00edsticas: \u2013 Unisex. \u2013 Impresi\u00f3n de alta durabilidad y muy detallista. \u2013 La tela es 100% algod\u00f3n, de tacto suave y gran calidad. \u2013 Pespunte doble en el cuello y las mangas, que le a\u00f1ade mayor consistencia. \u2013 Tapacosturas reforzado en hombros y cuello. \u2013 Ya est\u00e1 preencogida, as\u00ed que puedes lavarla con normalidad [&hellip;]\" \/>\n<meta property=\"og:url\" content=\"https:\/\/blancadelatorre.com\/english\/tienda\/trinidad-camiseta\/\" \/>\n<meta property=\"og:site_name\" content=\"Blanca de la Torre\" \/>\n<meta property=\"article:modified_time\" content=\"2024-01-16T18:25:21+00:00\" \/>\n<meta property=\"og:image\" content=\"https:\/\/blancadelatorre.com\/wp-content\/uploads\/2021\/03\/unisex-basic-softstyle-t-shirt-black-front-6048dafd98bd8.jpg\" \/>\n\t<meta property=\"og:image:width\" content=\"1000\" \/>\n\t<meta property=\"og:image:height\" content=\"1000\" \/>\n\t<meta property=\"og:image:type\" content=\"image\/jpeg\" \/>\n<meta name=\"twitter:card\" content=\"summary_large_image\" \/>\n<meta name=\"twitter:site\" content=\"@delaTorreArt\" \/>\n<meta name=\"twitter:label1\" content=\"Estimated reading time\" \/>\n\t<meta name=\"twitter:data1\" content=\"2 minutes\" \/>\n<script type=\"application\/ld+json\" class=\"yoast-schema-graph\">{\"@context\":\"https:\/\/schema.org\",\"@graph\":[{\"@type\":\"WebPage\",\"@id\":\"https:\/\/blancadelatorre.com\/tienda\/trinidad-camiseta\/\",\"url\":\"https:\/\/blancadelatorre.com\/tienda\/trinidad-camiseta\/\",\"name\":\"Trinidad - Camiseta - Blanca de la Torre\",\"isPartOf\":{\"@id\":\"https:\/\/blancadelatorre.com\/#website\"},\"primaryImageOfPage\":{\"@id\":\"https:\/\/blancadelatorre.com\/tienda\/trinidad-camiseta\/#primaryimage\"},\"image\":{\"@id\":\"https:\/\/blancadelatorre.com\/tienda\/trinidad-camiseta\/#primaryimage\"},\"thumbnailUrl\":\"https:\/\/blancadelatorre.com\/wp-content\/uploads\/2021\/03\/unisex-basic-softstyle-t-shirt-black-front-6048dafd98bd8.jpg\",\"datePublished\":\"2021-03-10T14:43:20+00:00\",\"dateModified\":\"2024-01-16T18:25:21+00:00\",\"breadcrumb\":{\"@id\":\"https:\/\/blancadelatorre.com\/tienda\/trinidad-camiseta\/#breadcrumb\"},\"inLanguage\":\"en-GB\",\"potentialAction\":[{\"@type\":\"ReadAction\",\"target\":[\"https:\/\/blancadelatorre.com\/tienda\/trinidad-camiseta\/\"]}]},{\"@type\":\"ImageObject\",\"inLanguage\":\"en-GB\",\"@id\":\"https:\/\/blancadelatorre.com\/tienda\/trinidad-camiseta\/#primaryimage\",\"url\":\"https:\/\/blancadelatorre.com\/wp-content\/uploads\/2021\/03\/unisex-basic-softstyle-t-shirt-black-front-6048dafd98bd8.jpg\",\"contentUrl\":\"https:\/\/blancadelatorre.com\/wp-content\/uploads\/2021\/03\/unisex-basic-softstyle-t-shirt-black-front-6048dafd98bd8.jpg\",\"width\":1000,\"height\":1000},{\"@type\":\"BreadcrumbList\",\"@id\":\"https:\/\/blancadelatorre.com\/tienda\/trinidad-camiseta\/#breadcrumb\",\"itemListElement\":[{\"@type\":\"ListItem\",\"position\":1,\"name\":\"Portada\",\"item\":\"https:\/\/blancadelatorre.com\/\"},{\"@type\":\"ListItem\",\"position\":2,\"name\":\"Tienda\",\"item\":\"https:\/\/blancadelatorre.com\/?page_id=592\"},{\"@type\":\"ListItem\",\"position\":3,\"name\":\"Trinidad &#8211; Camiseta\"}]},{\"@type\":\"WebSite\",\"@id\":\"https:\/\/blancadelatorre.com\/#website\",\"url\":\"https:\/\/blancadelatorre.com\/\",\"name\":\"Blanca de la Torre\",\"description\":\"Artista visual: Pintura, ilustraci\u00f3n &amp; street art.\",\"publisher\":{\"@id\":\"https:\/\/blancadelatorre.com\/#\/schema\/person\/0566882b85a416c14a46137dc4c21573\"},\"potentialAction\":[{\"@type\":\"SearchAction\",\"target\":{\"@type\":\"EntryPoint\",\"urlTemplate\":\"https:\/\/blancadelatorre.com\/?s={search_term_string}\"},\"query-input\":{\"@type\":\"PropertyValueSpecification\",\"valueRequired\":true,\"valueName\":\"search_term_string\"}}],\"inLanguage\":\"en-GB\"},{\"@type\":[\"Person\",\"Organization\"],\"@id\":\"https:\/\/blancadelatorre.com\/#\/schema\/person\/0566882b85a416c14a46137dc4c21573\",\"name\":\"Blanca de la Torre\",\"logo\":{\"@id\":\"https:\/\/blancadelatorre.com\/#\/schema\/person\/image\/\"}}]}<\/script>\n<!-- \/ Yoast SEO plugin. -->","yoast_head_json":{"title":"Trinidad - Camiseta - Blanca de la Torre","robots":{"index":"index","follow":"follow","max-snippet":"max-snippet:-1","max-image-preview":"max-image-preview:large","max-video-preview":"max-video-preview:-1"},"canonical":"https:\/\/blancadelatorre.com\/english\/tienda\/trinidad-camiseta\/","og_locale":"en_GB","og_type":"article","og_title":"Trinidad - Camiseta - Blanca de la Torre","og_description":"&nbsp; Caracter\u00edsticas: \u2013 Unisex. \u2013 Impresi\u00f3n de alta durabilidad y muy detallista. \u2013 La tela es 100% algod\u00f3n, de tacto suave y gran calidad. \u2013 Pespunte doble en el cuello y las mangas, que le a\u00f1ade mayor consistencia. \u2013 Tapacosturas reforzado en hombros y cuello. \u2013 Ya est\u00e1 preencogida, as\u00ed que puedes lavarla con normalidad [&hellip;]","og_url":"https:\/\/blancadelatorre.com\/english\/tienda\/trinidad-camiseta\/","og_site_name":"Blanca de la Torre","article_modified_time":"2024-01-16T18:25:21+00:00","og_image":[{"width":1000,"height":1000,"url":"https:\/\/blancadelatorre.com\/wp-content\/uploads\/2021\/03\/unisex-basic-softstyle-t-shirt-black-front-6048dafd98bd8.jpg","type":"image\/jpeg"}],"twitter_card":"summary_large_image","twitter_site":"@delaTorreArt","twitter_misc":{"Estimated reading time":"2 minutes"},"schema":{"@context":"https:\/\/schema.org","@graph":[{"@type":"WebPage","@id":"https:\/\/blancadelatorre.com\/tienda\/trinidad-camiseta\/","url":"https:\/\/blancadelatorre.com\/tienda\/trinidad-camiseta\/","name":"Trinidad - Camiseta - Blanca de la Torre","isPartOf":{"@id":"https:\/\/blancadelatorre.com\/#website"},"primaryImageOfPage":{"@id":"https:\/\/blancadelatorre.com\/tienda\/trinidad-camiseta\/#primaryimage"},"image":{"@id":"https:\/\/blancadelatorre.com\/tienda\/trinidad-camiseta\/#primaryimage"},"thumbnailUrl":"https:\/\/blancadelatorre.com\/wp-content\/uploads\/2021\/03\/unisex-basic-softstyle-t-shirt-black-front-6048dafd98bd8.jpg","datePublished":"2021-03-10T14:43:20+00:00","dateModified":"2024-01-16T18:25:21+00:00","breadcrumb":{"@id":"https:\/\/blancadelatorre.com\/tienda\/trinidad-camiseta\/#breadcrumb"},"inLanguage":"en-GB","potentialAction":[{"@type":"ReadAction","target":["https:\/\/blancadelatorre.com\/tienda\/trinidad-camiseta\/"]}]},{"@type":"ImageObject","inLanguage":"en-GB","@id":"https:\/\/blancadelatorre.com\/tienda\/trinidad-camiseta\/#primaryimage","url":"https:\/\/blancadelatorre.com\/wp-content\/uploads\/2021\/03\/unisex-basic-softstyle-t-shirt-black-front-6048dafd98bd8.jpg","contentUrl":"https:\/\/blancadelatorre.com\/wp-content\/uploads\/2021\/03\/unisex-basic-softstyle-t-shirt-black-front-6048dafd98bd8.jpg","width":1000,"height":1000},{"@type":"BreadcrumbList","@id":"https:\/\/blancadelatorre.com\/tienda\/trinidad-camiseta\/#breadcrumb","itemListElement":[{"@type":"ListItem","position":1,"name":"Portada","item":"https:\/\/blancadelatorre.com\/"},{"@type":"ListItem","position":2,"name":"Tienda","item":"https:\/\/blancadelatorre.com\/?page_id=592"},{"@type":"ListItem","position":3,"name":"Trinidad &#8211; Camiseta"}]},{"@type":"WebSite","@id":"https:\/\/blancadelatorre.com\/#website","url":"https:\/\/blancadelatorre.com\/","name":"Blanca de la Torre","description":"Artista visual: Pintura, ilustraci\u00f3n &amp; street art.","publisher":{"@id":"https:\/\/blancadelatorre.com\/#\/schema\/person\/0566882b85a416c14a46137dc4c21573"},"potentialAction":[{"@type":"SearchAction","target":{"@type":"EntryPoint","urlTemplate":"https:\/\/blancadelatorre.com\/?s={search_term_string}"},"query-input":{"@type":"PropertyValueSpecification","valueRequired":true,"valueName":"search_term_string"}}],"inLanguage":"en-GB"},{"@type":["Person","Organization"],"@id":"https:\/\/blancadelatorre.com\/#\/schema\/person\/0566882b85a416c14a46137dc4c21573","name":"Blanca de la Torre","logo":{"@id":"https:\/\/blancadelatorre.com\/#\/schema\/person\/image\/"}}]}},"_links":{"self":[{"href":"https:\/\/blancadelatorre.com\/english\/wp-json\/wp\/v2\/product\/9925","targetHints":{"allow":["GET"]}}],"collection":[{"href":"https:\/\/blancadelatorre.com\/english\/wp-json\/wp\/v2\/product"}],"about":[{"href":"https:\/\/blancadelatorre.com\/english\/wp-json\/wp\/v2\/types\/product"}],"wp:featuredmedia":[{"embeddable":true,"href":"https:\/\/blancadelatorre.com\/english\/wp-json\/wp\/v2\/media\/9932"}],"wp:attachment":[{"href":"https:\/\/blancadelatorre.com\/english\/wp-json\/wp\/v2\/media?parent=9925"}],"wp:term":[{"taxonomy":"product_brand","embeddable":true,"href":"https:\/\/blancadelatorre.com\/english\/wp-json\/wp\/v2\/product_brand?post=9925"},{"taxonomy":"product_cat","embeddable":true,"href":"https:\/\/blancadelatorre.com\/english\/wp-json\/wp\/v2\/product_cat?post=9925"},{"taxonomy":"product_tag","embeddable":true,"href":"https:\/\/blancadelatorre.com\/english\/wp-json\/wp\/v2\/product_tag?post=9925"}],"curies":[{"name":"wp","href":"https:\/\/api.w.org\/{rel}","templated":true}]}}